{"id":97,"date":"2011-09-21T12:17:10","date_gmt":"2011-09-21T12:17:10","guid":{"rendered":"http:\/\/tempex.yomio.eu\/?page_id=97"},"modified":"2013-02-08T00:05:33","modified_gmt":"2013-02-07T22:05:33","slug":"literatura","status":"publish","type":"page","link":"https:\/\/www.tempex.sk\/hu\/technologie\/spracovanie-obilnin\/literatura","title":{"rendered":"Szakmai irodalom"},"content":{"rendered":"<p class=\"qtranxs-available-languages-message qtranxs-available-languages-message-hu\">Sajnos ennek a bejegyz\u00e9snek csak <a href=\"https:\/\/www.tempex.sk\/sk\/wp-json\/wp\/v2\/pages\/97\" class=\"qtranxs-available-language-link qtranxs-available-language-link-sk\" title=\"Slovensky\">Slovensky<\/a> nyelv\u0171 v\u00e1ltozata van.<\/p>","protected":false},"excerpt":{"rendered":"<p>Sajnos ennek a bejegyz\u00e9snek csak Slovensky nyelv\u0171 v\u00e1ltozata van.<\/p>\n","protected":false},"author":1,"featured_media":0,"parent":82,"menu_order":1,"comment_status":"open","ping_status":"open","template":"","meta":{"_monsterinsights_skip_tracking":false,"_monsterinsights_sitenote_active":false,"_monsterinsights_sitenote_note":"","_monsterinsights_sitenote_category":0,"footnotes":""},"class_list":["post-97","page","type-page","status-publish","hentry"],"_links":{"self":[{"href":"https:\/\/www.tempex.sk\/hu\/wp-json\/wp\/v2\/pages\/97","targetHints":{"allow":["GET"]}}],"collection":[{"href":"https:\/\/www.tempex.sk\/hu\/wp-json\/wp\/v2\/pages"}],"about":[{"href":"https:\/\/www.tempex.sk\/hu\/wp-json\/wp\/v2\/types\/page"}],"author":[{"embeddable":true,"href":"https:\/\/www.tempex.sk\/hu\/wp-json\/wp\/v2\/users\/1"}],"replies":[{"embeddable":true,"href":"https:\/\/www.tempex.sk\/hu\/wp-json\/wp\/v2\/comments?post=97"}],"version-history":[{"count":61,"href":"https:\/\/www.tempex.sk\/hu\/wp-json\/wp\/v2\/pages\/97\/revisions"}],"predecessor-version":[{"id":1382,"href":"https:\/\/www.tempex.sk\/hu\/wp-json\/wp\/v2\/pages\/97\/revisions\/1382"}],"up":[{"embeddable":true,"href":"https:\/\/www.tempex.sk\/hu\/wp-json\/wp\/v2\/pages\/82"}],"wp:attachment":[{"href":"https:\/\/www.tempex.sk\/hu\/wp-json\/wp\/v2\/media?parent=97"}],"curies":[{"name":"wp","href":"https:\/\/api.w.org\/{rel}","templated":true}]}}