{"id":9,"date":"2011-08-17T17:45:24","date_gmt":"2011-08-17T17:45:24","guid":{"rendered":"http:\/\/tempex.sk.loc\/?page_id=9"},"modified":"2012-07-02T19:24:57","modified_gmt":"2012-07-02T17:24:57","slug":"technologie","status":"publish","type":"page","link":"https:\/\/www.tempex.sk\/hu\/technologie","title":{"rendered":"Technol\u00f3gi\u00e1k"},"content":{"rendered":"<p class=\"qtranxs-available-languages-message qtranxs-available-languages-message-hu\">Sajnos ennek a bejegyz\u00e9snek csak <a href=\"https:\/\/www.tempex.sk\/sk\/wp-json\/wp\/v2\/pages\/9\" class=\"qtranxs-available-language-link qtranxs-available-language-link-sk\" title=\"Slovensky\">Slovensky<\/a> \u00e9s <a href=\"https:\/\/www.tempex.sk\/cz\/wp-json\/wp\/v2\/pages\/9\" class=\"qtranxs-available-language-link qtranxs-available-language-link-cz\" title=\"\u010cesky\">\u010cesky<\/a> nyelv\u0171 v\u00e1ltozata van.<\/p>","protected":false},"excerpt":{"rendered":"<p>Sajnos ennek a bejegyz\u00e9snek csak Slovensky \u00e9s \u010cesky nyelv\u0171 v\u00e1ltozata van.<\/p>\n","protected":false},"author":1,"featured_media":0,"parent":0,"menu_order":2,"comment_status":"open","ping_status":"closed","template":"","meta":{"_monsterinsights_skip_tracking":false,"_monsterinsights_sitenote_active":false,"_monsterinsights_sitenote_note":"","_monsterinsights_sitenote_category":0,"footnotes":""},"class_list":["post-9","page","type-page","status-publish","hentry"],"_links":{"self":[{"href":"https:\/\/www.tempex.sk\/hu\/wp-json\/wp\/v2\/pages\/9","targetHints":{"allow":["GET"]}}],"collection":[{"href":"https:\/\/www.tempex.sk\/hu\/wp-json\/wp\/v2\/pages"}],"about":[{"href":"https:\/\/www.tempex.sk\/hu\/wp-json\/wp\/v2\/types\/page"}],"author":[{"embeddable":true,"href":"https:\/\/www.tempex.sk\/hu\/wp-json\/wp\/v2\/users\/1"}],"replies":[{"embeddable":true,"href":"https:\/\/www.tempex.sk\/hu\/wp-json\/wp\/v2\/comments?post=9"}],"version-history":[{"count":53,"href":"https:\/\/www.tempex.sk\/hu\/wp-json\/wp\/v2\/pages\/9\/revisions"}],"predecessor-version":[{"id":1740,"href":"https:\/\/www.tempex.sk\/hu\/wp-json\/wp\/v2\/pages\/9\/revisions\/1740"}],"wp:attachment":[{"href":"https:\/\/www.tempex.sk\/hu\/wp-json\/wp\/v2\/media?parent=9"}],"curies":[{"name":"wp","href":"https:\/\/api.w.org\/{rel}","templated":true}]}}