{"id":86,"date":"2011-09-21T12:07:17","date_gmt":"2011-09-21T12:07:17","guid":{"rendered":"http:\/\/tempex.yomio.eu\/?page_id=86"},"modified":"2012-12-03T12:54:53","modified_gmt":"2012-12-03T10:54:53","slug":"zavitovkove-dopravniky-contec","status":"publish","type":"page","link":"https:\/\/www.tempex.sk\/hu\/komponenty\/sypke-hmoty\/zavitovkove-dopravniky-contec","title":{"rendered":"Contec sz\u00e1l\u00edtocsig\u00e1k"},"content":{"rendered":"<p><\/p>\n<p>CONTEC sz\u00e1l\u00edtocsig\u00e1k<\/p>\n<p>Z\u00e1vitovkov\u00e9 dopravn\u00edky s obchodn\u00fdm ozna\u010den\u00edm\u00a0<strong>CONTEC<\/strong>\u00a0vyr\u00e1ba d\u00e1nska firma CIMBRIA BULK EQUIPMENTS A\/S, ktor\u00fa na Slovensku a v \u010ceskej republike zastupujeme. Okrem stavebnicovo kon\u0161truovan\u00fdch z\u00e1kladn\u00fdch typov SU, SO, SUH a SAU v r\u00f4znych prevedeniach pon\u00fakame aj dopravn\u00edky vyroben\u00e9 na zak\u00e1zku. Kliknut\u00edm na obr\u00e1zok dole si stiahnete prospekt, ktor\u00fd obsahuje \u010fal\u0161ie podrobnosti a \u0161pecifik\u00e1cie (v sloven\u010dine, PDF, 920 kB). Radi V\u00e1m poskytneme bli\u017e\u0161ie inform\u00e1cie alebo V\u00e1m spracujeme ponuku.<\/p>\n<p><center><a href=\"http:\/\/www.tempex.sk\/wp-content\/uploads\/2011\/09\/Contec.pdf\"><img loading=\"lazy\" decoding=\"async\" title=\"Dopravnik Contec\" src=\"http:\/\/www.tempex.sk\/wp-content\/uploads\/2011\/09\/contec.png\" alt=\"Dopravnik Contec\" width=\"320\" height=\"145\" \/><\/a><\/center><\/p>\n<p><\/p>","protected":false},"excerpt":{"rendered":"<p>CONTEC sz\u00e1l\u00edtocsig\u00e1k Z\u00e1vitovkov\u00e9 dopravn\u00edky s obchodn\u00fdm ozna\u010den\u00edm\u00a0CONTEC\u00a0vyr\u00e1ba d\u00e1nska firma CIMBRIA BULK EQUIPMENTS A\/S, ktor\u00fa na Slovensku a v \u010ceskej republike zastupujeme. Okrem stavebnicovo kon\u0161truovan\u00fdch z\u00e1kladn\u00fdch typov SU, SO, SUH a SAU v r\u00f4znych prevedeniach pon\u00fakame aj dopravn\u00edky vyroben\u00e9 na zak\u00e1zku. Kliknut\u00edm na obr\u00e1zok dole si stiahnete prospekt, ktor\u00fd obsahuje \u010fal\u0161ie podrobnosti a \u0161pecifik\u00e1cie (v sloven\u010dine, [&hellip;]<\/p>\n","protected":false},"author":1,"featured_media":0,"parent":84,"menu_order":0,"comment_status":"open","ping_status":"open","template":"","meta":{"_monsterinsights_skip_tracking":false,"_monsterinsights_sitenote_active":false,"_monsterinsights_sitenote_note":"","_monsterinsights_sitenote_category":0,"footnotes":""},"class_list":["post-86","page","type-page","status-publish","hentry"],"_links":{"self":[{"href":"https:\/\/www.tempex.sk\/hu\/wp-json\/wp\/v2\/pages\/86","targetHints":{"allow":["GET"]}}],"collection":[{"href":"https:\/\/www.tempex.sk\/hu\/wp-json\/wp\/v2\/pages"}],"about":[{"href":"https:\/\/www.tempex.sk\/hu\/wp-json\/wp\/v2\/types\/page"}],"author":[{"embeddable":true,"href":"https:\/\/www.tempex.sk\/hu\/wp-json\/wp\/v2\/users\/1"}],"replies":[{"embeddable":true,"href":"https:\/\/www.tempex.sk\/hu\/wp-json\/wp\/v2\/comments?post=86"}],"version-history":[{"count":11,"href":"https:\/\/www.tempex.sk\/hu\/wp-json\/wp\/v2\/pages\/86\/revisions"}],"predecessor-version":[{"id":761,"href":"https:\/\/www.tempex.sk\/hu\/wp-json\/wp\/v2\/pages\/86\/revisions\/761"}],"up":[{"embeddable":true,"href":"https:\/\/www.tempex.sk\/hu\/wp-json\/wp\/v2\/pages\/84"}],"wp:attachment":[{"href":"https:\/\/www.tempex.sk\/hu\/wp-json\/wp\/v2\/media?parent=86"}],"curies":[{"name":"wp","href":"https:\/\/api.w.org\/{rel}","templated":true}]}}