{"id":49,"date":"2011-08-27T10:52:58","date_gmt":"2011-08-27T10:52:58","guid":{"rendered":"http:\/\/tempex.yomio.eu\/?page_id=49"},"modified":"2013-05-13T11:07:44","modified_gmt":"2013-05-13T09:07:44","slug":"baliace-linky","status":"publish","type":"page","link":"https:\/\/www.tempex.sk\/hu\/technologie\/baliace-linky","title":{"rendered":"Csomagol\u00f3g\u00e9pek \u00e9s vonalak"},"content":{"rendered":"<p>Az \u00f6mlesztett anyagog csomagol\u00e1s\u00e1ra g\u00e9peket \u00e9s vonalak vannak az aj\u00e1nlatunkban. Kisseb teljes\u00edtm\u00e9nyekre m\u00e9retre k\u00e9sz\u00fclt berendez\u00e9kr\u0151l van sz\u00f3, nagyobb\u00a0\u00a0teljes\u00edtm\u00e9nyekre t\u00f6bb alkot\u00f3elemekb\u0151l k\u00e9sz\u00fclt vonalakr\u00f3l .<\/p>\n<p>Ezekkel a berendez\u00e9sekkel foglakozunk :<\/p>\n<ul>\n<li>\u00a0g\u00e9pek \u00e9s vonalak \u00f6mlesztett anyagog comagol\u00e1s\u00e1ra zs\u00e1kokba vagy kis zacsk\u00f3kba. Az adag 500 g \u00e9s 50 kg k\u00f6zott lehet. Zs\u00e1kok k\u00fclonf\u00e9le anygb\u00f3l lehetnek (pap\u00edr, PE, POP). Nyitott vagy szelepes zs\u00e1kok haszn\u00e1lhat\u00f3k. A vonalak \u00a0f\u00e9mdetektort, ellen\u0151rz\u0151 m\u00e9rleget, raklapoz\u00f3 szakaszt \u00a0tartalmazhatnak, de m\u00e1s alkot\u00f3elemekkel ki lehetnek b\u0151v\u00edtve.<\/li>\n<li>\u00a0g\u00e9pek \u00e9s vonalak \u00f6mlesztett anyagog comagol\u00e1s\u00e1ra g\u00e9ppel gy\u00e1rtott zs\u00e1kokba . Az adag 500 g \u00e9s 50 kg k\u00f6zott lehet. Zs\u00e1kok gy\u00e1rt\u00e1sara lapos f\u00f3lia vagy f\u00f3lia cs\u0151 van felhaszn\u00e1lva (PE). \u00a0A vonalak k\u00fclonf\u00e9le alkot\u00f3elemekkel el lehetnek l\u00e1tva.<\/li>\n<li>g\u00e9pek \u00e9s vonalak \u00fczleti csomagol\u00e1sra &#8211; el\u0151k\u00e9sz\u00edtett pap\u00edrzacsk\u00f3kba (liszt, cukor &#8230;) az adag 500 g-t\u00f3l \u00a05 kg-ig lehet. Teljes\u00e9tm\u00e9ny \u00a020 csom.\/perc. \u00e9s 100 csom.\/perc k\u00f6zott van. \u00a0 A vonalak \u00a0csoportcsomagol\u00f3 szakaszt,\u00a0f\u00e9mdetektort, ellen\u0151rz\u0151 m\u00e9rleget, raklapoz\u00f3 szakaszt \u00a0tartalmazhatnak, de m\u00e1s alkot\u00f3elemekkel ki lehetnek b\u0151v\u00edtve.<\/li>\n<li>big bag tolt\u0151 g\u00e9pek,<\/li>\n<li>raklapoz\u00f3vonalak klaszikus raklapoz\u00f3 g\u00e9ppel vagy raklapoz\u00f3 robottal \u00e9s eg\u00e9sz raklapok csomagol\u00e1sa.<\/li>\n<li>\u00fczemi m\u00e9rlegek,<\/li>\n<li>speci\u00e1lis m\u00e9rlegek (sil\u00f3k )<\/li>\n<li>v\u00e1kuumos csomagol\u00f3g\u00e9pek<\/li>\n<\/ul>\n<p><a href=\"http:\/\/www.tempex.sk\/skuska\/wp-content\/uploads\/2011\/09\/vrecovanie1_full.png\"><img loading=\"lazy\" decoding=\"async\" title=\"Vrecovanie\" src=\"http:\/\/www.tempex.sk\/wp-content\/uploads\/2011\/09\/vrecovanie1.png\" alt=\"Vrecovanie\" width=\"255\" height=\"160\" align=\"right\" \/><\/a><\/p>\n<p align=\"justify\"><strong>Az aj\u00e1nlat elk\u00e9sz\u00edt\u00e9s\u00e9re sz\u00fcgs\u00e9ges adatok:<\/strong><\/p>\n<ul>\n<li>alapvet\u0151 adatok a csomagolt gy\u00e1rtm\u00e1nyr\u00f3l,<\/li>\n<li>k\u00edv\u00e1nt teljes\u00edtm\u00e9ny (p\u00e9ld\u00e1ul t\/\u00f3),<\/li>\n<li>a csomag nagys\u00e1ga (p\u00e9ld\u00e1ul 25kg &#8211; 50 kg)<\/li>\n<li>milyen csomagol\u00f3 anyagot k\u00edv\u00e1nnak haszn\u00e1lni,<\/li>\n<li>\u00f6nm\u0171k\u00f6d\u00e9s ar\u00e1nya (k\u00e9zi kezel\u00e9s, f\u00e9lautomatikus vagy teljesen automatiz\u00e1lt vonal),<\/li>\n<li>m\u00e1s adatok, ha \u00d6n szerint fontosak.<\/li>\n<\/ul>\n<p>&nbsp;<\/p>","protected":false},"excerpt":{"rendered":"<p>Az \u00f6mlesztett anyagog csomagol\u00e1s\u00e1ra g\u00e9peket \u00e9s vonalak vannak az aj\u00e1nlatunkban. Kisseb teljes\u00edtm\u00e9nyekre m\u00e9retre k\u00e9sz\u00fclt berendez\u00e9kr\u0151l van sz\u00f3, nagyobb\u00a0\u00a0teljes\u00edtm\u00e9nyekre t\u00f6bb alkot\u00f3elemekb\u0151l k\u00e9sz\u00fclt vonalakr\u00f3l . Ezekkel a berendez\u00e9sekkel foglakozunk : \u00a0g\u00e9pek \u00e9s vonalak \u00f6mlesztett anyagog comagol\u00e1s\u00e1ra zs\u00e1kokba vagy kis zacsk\u00f3kba. Az adag 500 g \u00e9s 50 kg k\u00f6zott lehet. Zs\u00e1kok k\u00fclonf\u00e9le anygb\u00f3l lehetnek (pap\u00edr, PE, POP). Nyitott [&hellip;]<\/p>\n","protected":false},"author":1,"featured_media":0,"parent":9,"menu_order":1,"comment_status":"open","ping_status":"open","template":"","meta":{"_monsterinsights_skip_tracking":false,"_monsterinsights_sitenote_active":false,"_monsterinsights_sitenote_note":"","_monsterinsights_sitenote_category":0,"footnotes":""},"class_list":["post-49","page","type-page","status-publish","hentry"],"_links":{"self":[{"href":"https:\/\/www.tempex.sk\/hu\/wp-json\/wp\/v2\/pages\/49","targetHints":{"allow":["GET"]}}],"collection":[{"href":"https:\/\/www.tempex.sk\/hu\/wp-json\/wp\/v2\/pages"}],"about":[{"href":"https:\/\/www.tempex.sk\/hu\/wp-json\/wp\/v2\/types\/page"}],"author":[{"embeddable":true,"href":"https:\/\/www.tempex.sk\/hu\/wp-json\/wp\/v2\/users\/1"}],"replies":[{"embeddable":true,"href":"https:\/\/www.tempex.sk\/hu\/wp-json\/wp\/v2\/comments?post=49"}],"version-history":[{"count":39,"href":"https:\/\/www.tempex.sk\/hu\/wp-json\/wp\/v2\/pages\/49\/revisions"}],"predecessor-version":[{"id":1792,"href":"https:\/\/www.tempex.sk\/hu\/wp-json\/wp\/v2\/pages\/49\/revisions\/1792"}],"up":[{"embeddable":true,"href":"https:\/\/www.tempex.sk\/hu\/wp-json\/wp\/v2\/pages\/9"}],"wp:attachment":[{"href":"https:\/\/www.tempex.sk\/hu\/wp-json\/wp\/v2\/media?parent=49"}],"curies":[{"name":"wp","href":"https:\/\/api.w.org\/{rel}","templated":true}]}}