{"id":1390,"date":"2013-02-08T00:12:29","date_gmt":"2013-02-07T22:12:29","guid":{"rendered":"http:\/\/www.tempex.sk\/?page_id=1390"},"modified":"2013-02-11T13:51:25","modified_gmt":"2013-02-11T11:51:25","slug":"ovos","status":"publish","type":"page","link":"https:\/\/www.tempex.sk\/hu\/technologie\/spracovanie-obilnin\/druhy-obilnin\/ovos","title":{"rendered":"Zab"},"content":{"rendered":"<p class=\"qtranxs-available-languages-message qtranxs-available-languages-message-hu\">Sajnos ennek a bejegyz\u00e9snek csak <a href=\"https:\/\/www.tempex.sk\/sk\/wp-json\/wp\/v2\/pages\/1390\" class=\"qtranxs-available-language-link qtranxs-available-language-link-sk\" title=\"Slovensky\">Slovensky<\/a> nyelv\u0171 v\u00e1ltozata van.<\/p>","protected":false},"excerpt":{"rendered":"<p>Sajnos ennek a bejegyz\u00e9snek csak Slovensky nyelv\u0171 v\u00e1ltozata van.<\/p>\n","protected":false},"author":1,"featured_media":0,"parent":1381,"menu_order":5,"comment_status":"open","ping_status":"open","template":"","meta":{"_monsterinsights_skip_tracking":false,"_monsterinsights_sitenote_active":false,"_monsterinsights_sitenote_note":"","_monsterinsights_sitenote_category":0,"footnotes":""},"class_list":["post-1390","page","type-page","status-publish","hentry"],"_links":{"self":[{"href":"https:\/\/www.tempex.sk\/hu\/wp-json\/wp\/v2\/pages\/1390","targetHints":{"allow":["GET"]}}],"collection":[{"href":"https:\/\/www.tempex.sk\/hu\/wp-json\/wp\/v2\/pages"}],"about":[{"href":"https:\/\/www.tempex.sk\/hu\/wp-json\/wp\/v2\/types\/page"}],"author":[{"embeddable":true,"href":"https:\/\/www.tempex.sk\/hu\/wp-json\/wp\/v2\/users\/1"}],"replies":[{"embeddable":true,"href":"https:\/\/www.tempex.sk\/hu\/wp-json\/wp\/v2\/comments?post=1390"}],"version-history":[{"count":6,"href":"https:\/\/www.tempex.sk\/hu\/wp-json\/wp\/v2\/pages\/1390\/revisions"}],"predecessor-version":[{"id":1432,"href":"https:\/\/www.tempex.sk\/hu\/wp-json\/wp\/v2\/pages\/1390\/revisions\/1432"}],"up":[{"embeddable":true,"href":"https:\/\/www.tempex.sk\/hu\/wp-json\/wp\/v2\/pages\/1381"}],"wp:attachment":[{"href":"https:\/\/www.tempex.sk\/hu\/wp-json\/wp\/v2\/media?parent=1390"}],"curies":[{"name":"wp","href":"https:\/\/api.w.org\/{rel}","templated":true}]}}