{"id":1386,"date":"2013-02-08T00:09:35","date_gmt":"2013-02-07T22:09:35","guid":{"rendered":"http:\/\/www.tempex.sk\/?page_id=1386"},"modified":"2013-02-11T13:22:18","modified_gmt":"2013-02-11T11:22:18","slug":"raz","status":"publish","type":"page","link":"https:\/\/www.tempex.sk\/hu\/technologie\/spracovanie-obilnin\/druhy-obilnin\/raz","title":{"rendered":"Rozs"},"content":{"rendered":"<p class=\"qtranxs-available-languages-message qtranxs-available-languages-message-hu\">Sajnos ennek a bejegyz\u00e9snek csak <a href=\"https:\/\/www.tempex.sk\/sk\/wp-json\/wp\/v2\/pages\/1386\" class=\"qtranxs-available-language-link qtranxs-available-language-link-sk\" title=\"Slovensky\">Slovensky<\/a> nyelv\u0171 v\u00e1ltozata van.<\/p>","protected":false},"excerpt":{"rendered":"<p>Sajnos ennek a bejegyz\u00e9snek csak Slovensky nyelv\u0171 v\u00e1ltozata van.<\/p>\n","protected":false},"author":1,"featured_media":0,"parent":1381,"menu_order":1,"comment_status":"open","ping_status":"open","template":"","meta":{"_monsterinsights_skip_tracking":false,"_monsterinsights_sitenote_active":false,"_monsterinsights_sitenote_note":"","_monsterinsights_sitenote_category":0,"footnotes":""},"class_list":["post-1386","page","type-page","status-publish","hentry"],"_links":{"self":[{"href":"https:\/\/www.tempex.sk\/hu\/wp-json\/wp\/v2\/pages\/1386","targetHints":{"allow":["GET"]}}],"collection":[{"href":"https:\/\/www.tempex.sk\/hu\/wp-json\/wp\/v2\/pages"}],"about":[{"href":"https:\/\/www.tempex.sk\/hu\/wp-json\/wp\/v2\/types\/page"}],"author":[{"embeddable":true,"href":"https:\/\/www.tempex.sk\/hu\/wp-json\/wp\/v2\/users\/1"}],"replies":[{"embeddable":true,"href":"https:\/\/www.tempex.sk\/hu\/wp-json\/wp\/v2\/comments?post=1386"}],"version-history":[{"count":3,"href":"https:\/\/www.tempex.sk\/hu\/wp-json\/wp\/v2\/pages\/1386\/revisions"}],"predecessor-version":[{"id":1431,"href":"https:\/\/www.tempex.sk\/hu\/wp-json\/wp\/v2\/pages\/1386\/revisions\/1431"}],"up":[{"embeddable":true,"href":"https:\/\/www.tempex.sk\/hu\/wp-json\/wp\/v2\/pages\/1381"}],"wp:attachment":[{"href":"https:\/\/www.tempex.sk\/hu\/wp-json\/wp\/v2\/media?parent=1386"}],"curies":[{"name":"wp","href":"https:\/\/api.w.org\/{rel}","templated":true}]}}