{"id":120,"date":"2011-09-21T13:43:00","date_gmt":"2011-09-21T13:43:00","guid":{"rendered":"http:\/\/tempex.yomio.eu\/?page_id=120"},"modified":"2011-10-28T13:56:34","modified_gmt":"2011-10-28T11:56:34","slug":"graficke-terminaly","status":"publish","type":"page","link":"https:\/\/www.tempex.sk\/hu\/komponenty\/hmi\/graficke-terminaly","title":{"rendered":"(Slovensky) Grafick\u00e9 termin\u00e1ly"},"content":{"rendered":"<p class=\"qtranxs-available-languages-message qtranxs-available-languages-message-hu\">Sajnos ennek a bejegyz\u00e9snek csak <a href=\"https:\/\/www.tempex.sk\/sk\/wp-json\/wp\/v2\/pages\/120\" class=\"qtranxs-available-language-link qtranxs-available-language-link-sk\" title=\"Slovensky\">Slovensky<\/a> \u00e9s <a href=\"https:\/\/www.tempex.sk\/cz\/wp-json\/wp\/v2\/pages\/120\" class=\"qtranxs-available-language-link qtranxs-available-language-link-cz\" title=\"\u010cesky\">\u010cesky<\/a> nyelv\u0171 v\u00e1ltozata van.<\/p>","protected":false},"excerpt":{"rendered":"<p>Sajnos ennek a bejegyz\u00e9snek csak Slovensky \u00e9s \u010cesky nyelv\u0171 v\u00e1ltozata van.<\/p>\n","protected":false},"author":1,"featured_media":0,"parent":29,"menu_order":0,"comment_status":"open","ping_status":"open","template":"","meta":{"_monsterinsights_skip_tracking":false,"_monsterinsights_sitenote_active":false,"_monsterinsights_sitenote_note":"","_monsterinsights_sitenote_category":0,"footnotes":""},"class_list":["post-120","page","type-page","status-publish","hentry"],"_links":{"self":[{"href":"https:\/\/www.tempex.sk\/hu\/wp-json\/wp\/v2\/pages\/120","targetHints":{"allow":["GET"]}}],"collection":[{"href":"https:\/\/www.tempex.sk\/hu\/wp-json\/wp\/v2\/pages"}],"about":[{"href":"https:\/\/www.tempex.sk\/hu\/wp-json\/wp\/v2\/types\/page"}],"author":[{"embeddable":true,"href":"https:\/\/www.tempex.sk\/hu\/wp-json\/wp\/v2\/users\/1"}],"replies":[{"embeddable":true,"href":"https:\/\/www.tempex.sk\/hu\/wp-json\/wp\/v2\/comments?post=120"}],"version-history":[{"count":22,"href":"https:\/\/www.tempex.sk\/hu\/wp-json\/wp\/v2\/pages\/120\/revisions"}],"predecessor-version":[{"id":809,"href":"https:\/\/www.tempex.sk\/hu\/wp-json\/wp\/v2\/pages\/120\/revisions\/809"}],"up":[{"embeddable":true,"href":"https:\/\/www.tempex.sk\/hu\/wp-json\/wp\/v2\/pages\/29"}],"wp:attachment":[{"href":"https:\/\/www.tempex.sk\/hu\/wp-json\/wp\/v2\/media?parent=120"}],"curies":[{"name":"wp","href":"https:\/\/api.w.org\/{rel}","templated":true}]}}