{"id":118,"date":"2011-09-21T13:40:20","date_gmt":"2011-09-21T13:40:20","guid":{"rendered":"http:\/\/tempex.yomio.eu\/?page_id=118"},"modified":"2011-10-28T13:55:14","modified_gmt":"2011-10-28T11:55:14","slug":"textove-terminaly","status":"publish","type":"page","link":"https:\/\/www.tempex.sk\/hu\/komponenty\/hmi\/textove-terminaly","title":{"rendered":"(Slovensky) Textov\u00e9 termin\u00e1ly"},"content":{"rendered":"<p><\/p>\n<h2>VT50 ma\u010farsky<\/h2>\n<p><a href=\"http:\/\/tempex.yomio.eu\/wp-content\/uploads\/2011\/09\/VT501.gif\"><img loading=\"lazy\" decoding=\"async\" class=\"alignleft size-full wp-image-129\" title=\"VT50\" src=\"http:\/\/tempex.yomio.eu\/wp-content\/uploads\/2011\/09\/VT501.gif\" alt=\"\" width=\"102\" height=\"86\" \/><\/a><\/p>\n<p>LCD displej 20 x 2<br \/>\n8 tla\u010didiel<\/p>\n<p>Ide\u00e1lny pre r\u00f4zne \u00fa\u010dely, r\u00fdchle vykonanie pr\u00edkazov, v\u00fdstra\u017en\u00e9 hl\u00e1senia, pr\u00edstupov\u00e9 hesl\u00e1, matematick\u00e9 funkcie, simult\u00e1nny chod dvoch ovl\u00e1da\u010dov, s\u00e9riov\u00e1 alebo paraleln\u00e1 tla\u010d,<br \/>\nintegrovan\u00e1 Profibus-DP a CAN<\/p>\n<h2>VT60<\/h2>\n<p><a href=\"http:\/\/tempex.yomio.eu\/wp-content\/uploads\/2011\/09\/VT601.gif\"><img loading=\"lazy\" decoding=\"async\" class=\"alignleft size-full wp-image-131\" title=\"VT60\" src=\"http:\/\/tempex.yomio.eu\/wp-content\/uploads\/2011\/09\/VT601.gif\" alt=\"\" width=\"102\" height=\"86\" \/><\/a><\/p>\n<p>LCD displej 20 x 4<br \/>\n6 tla\u010didiel<\/p>\n<p>Ide\u00e1lny pre r\u00f4zne \u00fa\u010dely, r\u00fdchle vykonanie pr\u00edkazov, v\u00fdstra\u017en\u00e9 hl\u00e1senia, pr\u00edstupov\u00e9 hesl\u00e1, matematick\u00e9 funkcie, simult\u00e1nny chod dvoch ovl\u00e1da\u010dov, s\u00e9riov\u00e1 alebo paraleln\u00e1 tla\u010d,<br \/>\nintegrovan\u00e1 Profibus-DP a CAN<\/p>\n<h2>VT150W<\/h2>\n<p><a href=\"http:\/\/tempex.yomio.eu\/wp-content\/uploads\/2011\/09\/VT150W1.gif\"><img loading=\"lazy\" decoding=\"async\" class=\"alignleft size-full wp-image-132\" title=\"VT150W\" src=\"http:\/\/tempex.yomio.eu\/wp-content\/uploads\/2011\/09\/VT150W1.gif\" alt=\"\" width=\"102\" height=\"86\" \/><\/a><\/p>\n<p>LCD displej 20 x 4<br \/>\n25 tla\u010didiel<\/p>\n<p>Ide\u00e1lny pre r\u00f4zne \u00fa\u010dely, r\u00fdchle vykonanie pr\u00edkazov, v\u00fdstra\u017en\u00e9 hl\u00e1senia, pr\u00edstupov\u00e9 hesl\u00e1, matematick\u00e9 funkcie, simult\u00e1nny chod dvoch ovl\u00e1da\u010dov, s\u00e9riov\u00e1 alebo paraleln\u00e1 tla\u010d,<br \/>\nintegrovan\u00e1 Profibus-DP a CAN<\/p>\n<h2>VT170W<\/h2>\n<p>LCD displej 20 x 4<br \/>\n36 tla\u010didiel<\/p>\n<p>Ide\u00e1lny pre r\u00f4zne \u00fa\u010dely, r\u00fdchle vykonanie pr\u00edkazov, v\u00fdstra\u017en\u00e9 hl\u00e1senia, pr\u00edstupov\u00e9 hesl\u00e1, matematick\u00e9 funkcie, simult\u00e1nny chod dvoch ovl\u00e1da\u010dov, s\u00e9riov\u00e1 alebo paraleln\u00e1 tla\u010d,<br \/>\nintegrovan\u00e1 Profibus-DP a CAN<\/p>\n<h2>VT160W<\/h2>\n<p>LCD displej 20 x 4<br \/>\n43 tla\u010didiel<\/p>\n<p>Ide\u00e1lny pre r\u00f4zne \u00fa\u010dely, r\u00fdchle vykonanie pr\u00edkazov, v\u00fdstra\u017en\u00e9 hl\u00e1senia, pr\u00edstupov\u00e9 hesl\u00e1, matematick\u00e9 funkcie, simult\u00e1nny chod dvoch ovl\u00e1da\u010dov, s\u00e9riov\u00e1 alebo paraleln\u00e1 tla\u010d,<br \/>\nintegrovan\u00e1 Profibus-DP a CAN<\/p>\n<h2>VT190W<\/h2>\n<p>LCD displej 40 x 4<br \/>\n49 tla\u010didiel<\/p>\n<p>Ide\u00e1lny pre r\u00f4ne \u00fa\u010dely, r\u00fdchle vykonanie pr\u00edkazov, v\u00fdstra\u017en\u00e9 hl\u00e1senia, pr\u00edstupov\u00e9 hesl\u00e1, matematick\u00e9 funkcie, simult\u00e1nny chod dvoch ovl\u00e1da\u010dov, s\u00e9riov\u00e1 alebo paraleln\u00e1 tla\u010d,<br \/>\nintegrovan\u00e1 Profibus-DP a CAN<\/p>","protected":false},"excerpt":{"rendered":"<p>VT50 ma\u010farsky LCD displej 20 x 2 8 tla\u010didiel Ide\u00e1lny pre r\u00f4zne \u00fa\u010dely, r\u00fdchle vykonanie pr\u00edkazov, v\u00fdstra\u017en\u00e9 hl\u00e1senia, pr\u00edstupov\u00e9 hesl\u00e1, matematick\u00e9 funkcie, simult\u00e1nny chod dvoch ovl\u00e1da\u010dov, s\u00e9riov\u00e1 alebo paraleln\u00e1 tla\u010d, integrovan\u00e1 Profibus-DP a CAN VT60 LCD displej 20 x 4 6 tla\u010didiel Ide\u00e1lny pre r\u00f4zne \u00fa\u010dely, r\u00fdchle vykonanie pr\u00edkazov, v\u00fdstra\u017en\u00e9 hl\u00e1senia, pr\u00edstupov\u00e9 hesl\u00e1, matematick\u00e9 funkcie, [&hellip;]<\/p>\n","protected":false},"author":1,"featured_media":0,"parent":29,"menu_order":0,"comment_status":"open","ping_status":"open","template":"","meta":{"_monsterinsights_skip_tracking":false,"_monsterinsights_sitenote_active":false,"_monsterinsights_sitenote_note":"","_monsterinsights_sitenote_category":0,"footnotes":""},"class_list":["post-118","page","type-page","status-publish","hentry"],"_links":{"self":[{"href":"https:\/\/www.tempex.sk\/hu\/wp-json\/wp\/v2\/pages\/118","targetHints":{"allow":["GET"]}}],"collection":[{"href":"https:\/\/www.tempex.sk\/hu\/wp-json\/wp\/v2\/pages"}],"about":[{"href":"https:\/\/www.tempex.sk\/hu\/wp-json\/wp\/v2\/types\/page"}],"author":[{"embeddable":true,"href":"https:\/\/www.tempex.sk\/hu\/wp-json\/wp\/v2\/users\/1"}],"replies":[{"embeddable":true,"href":"https:\/\/www.tempex.sk\/hu\/wp-json\/wp\/v2\/comments?post=118"}],"version-history":[{"count":70,"href":"https:\/\/www.tempex.sk\/hu\/wp-json\/wp\/v2\/pages\/118\/revisions"}],"predecessor-version":[{"id":808,"href":"https:\/\/www.tempex.sk\/hu\/wp-json\/wp\/v2\/pages\/118\/revisions\/808"}],"up":[{"embeddable":true,"href":"https:\/\/www.tempex.sk\/hu\/wp-json\/wp\/v2\/pages\/29"}],"wp:attachment":[{"href":"https:\/\/www.tempex.sk\/hu\/wp-json\/wp\/v2\/media?parent=118"}],"curies":[{"name":"wp","href":"https:\/\/api.w.org\/{rel}","templated":true}]}}