{"id":2641,"date":"2018-09-13T10:59:42","date_gmt":"2018-09-13T08:59:42","guid":{"rendered":"http:\/\/www.tempex.sk\/?page_id=2641"},"modified":"2018-09-13T10:59:42","modified_gmt":"2018-09-13T08:59:42","slug":"pravidla-cookies","status":"publish","type":"page","link":"https:\/\/www.tempex.sk\/en\/kontakt\/pravidla-cookies","title":{"rendered":"Pravidl\u00e1 cookies"},"content":{"rendered":"<p><span style=\"color: #0000ff;\"><strong>\u010co s\u00fa cookies?<\/strong><\/span><\/p>\n<p>Cookies s\u00fa mal\u00e9 textov\u00e9 s\u00fabory, ktor\u00e9 sa v\u00e1m pri n\u00e1v\u0161teve na\u0161ej internetovej str\u00e1nky ulo\u017eia do po\u010d\u00edta\u010da alebo v\u00e1\u0161ho mobiln\u00e9ho zariadenia. S\u00fabory sa ukladaj\u00fa do prie\u010dinku vo va\u0161om prehliada\u010di, obsahuj\u00fa n\u00e1zov webovej str\u00e1nky, z\u00a0ktorej poch\u00e1dzaj\u00fa, platnos\u0165 a nejak\u00fd obsah (zv\u00e4\u010d\u0161a \u010d\u00edsla a p\u00edsmenk\u00e1). Pri nasleduj\u00facej n\u00e1v\u0161teve tejto istej str\u00e1nky v\u00e1\u0161 prehliada\u010d po\u0161le inform\u00e1cie, ktor\u00e9 s\u00fa ulo\u017een\u00e9 v\u00a0s\u00faboroch cookies nasp\u00e4\u0165 na na\u0161u str\u00e1nku.<br \/>\nInternetov\u00e1 str\u00e1nka v\u010faka tomu vie, \u017ee ste u\u017e na\u0161u str\u00e1nku nav\u0161t\u00edvili. Cookies v\u00e1m m\u00f4\u017eu u\u013eah\u010di\u0165 pou\u017e\u00edvanie str\u00e1nky. Do\u010dasn\u00e9 cookies sa uchov\u00e1vaj\u00fa vo va\u0161om zariaden\u00ed k\u00fdm nezavriete str\u00e1nku. Trval\u00e9 cookies zost\u00e1vaj\u00fa vo va\u0161om zariaden\u00ed do uplynutia svojej platnosti (napr. p\u00e1r t\u00fd\u017ed\u0148ov, mesiacov) alebo dok\u00fdm ich ru\u010dne nevyma\u017eete.<\/p>\n<p><span style=\"color: #3366ff;\"><strong>Pre\u010do pou\u017e\u00edvame cookies?<\/strong><\/span><\/p>\n<p>Cookies pou\u017e\u00edvame, aby sme v\u00e1m u\u013eah\u010dili pou\u017e\u00edvanie na\u0161ej str\u00e1nky. Pou\u017e\u00edvame vlastn\u00e9 cookies ako aj cookies tret\u00edch str\u00e1n, napr. cookies od spolo\u010dnosti Google.<\/p>\n<p><span style=\"color: #3366ff;\"><strong>\u00daprava pou\u017e\u00edvania cookies v prehliada\u010di<\/strong><\/span><\/p>\n<p>Pou\u017e\u00edvanie cookies si m\u00f4\u017eete upravi\u0165 vo vlastnom prehliada\u010di. v nastaveniach s\u00fakromia, kde n\u00e1jdete aj zoznam s\u00faborov cookies Tu si ich m\u00f4\u017eete prezrie\u0165 a m\u00f4\u017eete ich selekt\u00edvne alebo aj hromadne vymaza\u0165. Podrobnej\u0161ie in\u0161trukcie n\u00e1jdete v\u00a0manu\u00e1li v\u00e1\u0161ho prehliada\u010da.<\/p>\n<p><span style=\"color: #3366ff;\"><strong>Zablokovanie ukladania cookies<\/strong><\/span><\/p>\n<p>Vo svojom prehliada\u010di m\u00f4\u017eete v\u00a0nastaveniach prehliada\u010da zak\u00e1za\u0165 automatick\u00e9 akceptovanie s\u00faborov cookies. N\u00e1vod a in\u0161trukcie n\u00e1jdete v\u00a0n\u00e1povede svojho internetov\u00e9ho prehliada\u010da. Ak pou\u017e\u00edvate viac zariaden\u00ed (napr. po\u010d\u00edta\u010d, tablet, telef\u00f3n) odpor\u00fa\u010dame prisp\u00f4sobi\u0165 si pou\u017e\u00edvanie cookies v\u00a0ka\u017edom z\u00a0t\u00fdchto zariaden\u00ed zvl\u00e1\u0161\u0165 pod\u013ea svojich preferenci\u00ed.<br \/>\nZablokovanie cookies ja na va\u0161om rozhodnut\u00ed. Zablokovanie cookies v\u0161ak m\u00f4\u017ee ma\u0165 dopad na funk\u010dnos\u0165 tejto webovej str\u00e1nky.<\/p>\n","protected":false},"excerpt":{"rendered":"<p>\u010co s\u00fa cookies? Cookies s\u00fa mal\u00e9 textov\u00e9 s\u00fabory, ktor\u00e9 sa v\u00e1m pri n\u00e1v\u0161teve na\u0161ej internetovej str\u00e1nky ulo\u017eia do po\u010d\u00edta\u010da alebo v\u00e1\u0161ho mobiln\u00e9ho zariadenia. S\u00fabory sa ukladaj\u00fa do prie\u010dinku vo va\u0161om prehliada\u010di, obsahuj\u00fa n\u00e1zov webovej str\u00e1nky, z\u00a0ktorej poch\u00e1dzaj\u00fa, platnos\u0165 a nejak\u00fd obsah (zv\u00e4\u010d\u0161a \u010d\u00edsla a p\u00edsmenk\u00e1). Pri nasleduj\u00facej n\u00e1v\u0161teve tejto istej str\u00e1nky v\u00e1\u0161 prehliada\u010d po\u0161le inform\u00e1cie, [&hellip;]<\/p>\n","protected":false},"author":3,"featured_media":0,"parent":17,"menu_order":0,"comment_status":"closed","ping_status":"closed","template":"","meta":{"_monsterinsights_skip_tracking":false,"_monsterinsights_sitenote_active":false,"_monsterinsights_sitenote_note":"","_monsterinsights_sitenote_category":0,"footnotes":""},"class_list":["post-2641","page","type-page","status-publish","hentry"],"_links":{"self":[{"href":"https:\/\/www.tempex.sk\/en\/wp-json\/wp\/v2\/pages\/2641","targetHints":{"allow":["GET"]}}],"collection":[{"href":"https:\/\/www.tempex.sk\/en\/wp-json\/wp\/v2\/pages"}],"about":[{"href":"https:\/\/www.tempex.sk\/en\/wp-json\/wp\/v2\/types\/page"}],"author":[{"embeddable":true,"href":"https:\/\/www.tempex.sk\/en\/wp-json\/wp\/v2\/users\/3"}],"replies":[{"embeddable":true,"href":"https:\/\/www.tempex.sk\/en\/wp-json\/wp\/v2\/comments?post=2641"}],"version-history":[{"count":1,"href":"https:\/\/www.tempex.sk\/en\/wp-json\/wp\/v2\/pages\/2641\/revisions"}],"predecessor-version":[{"id":2642,"href":"https:\/\/www.tempex.sk\/en\/wp-json\/wp\/v2\/pages\/2641\/revisions\/2642"}],"up":[{"embeddable":true,"href":"https:\/\/www.tempex.sk\/en\/wp-json\/wp\/v2\/pages\/17"}],"wp:attachment":[{"href":"https:\/\/www.tempex.sk\/en\/wp-json\/wp\/v2\/media?parent=2641"}],"curies":[{"name":"wp","href":"https:\/\/api.w.org\/{rel}","templated":true}]}}