{"id":2007,"date":"2014-06-15T10:42:03","date_gmt":"2014-06-15T08:42:03","guid":{"rendered":"http:\/\/www.tempex.sk\/?page_id=2007"},"modified":"2014-06-15T11:05:29","modified_gmt":"2014-06-15T09:05:29","slug":"saati","status":"publish","type":"page","link":"https:\/\/www.tempex.sk\/en\/komponenty\/saati","title":{"rendered":"Technick\u00e9 sit\u00e1 Saati"},"content":{"rendered":"<p><strong>Technick\u00e9 sit\u00e1 SaatiMil na triedenie a filtr\u00e1ciu.<\/strong><\/p>\n<p>Stiahnite si prospekt:<br \/>\n<a href=\"http:\/\/www.tempex.sk\/wp-content\/uploads\/2014\/06\/SAATIMIL_new-catalogue.pdf\">SAATIMIL_new catalogue<\/a><\/p>\n<p>Stiahnite si katal\u00f3gov\u00fd list:<br \/>\n<a href=\"http:\/\/www.tempex.sk\/wp-content\/uploads\/2014\/06\/SAATIMIL-TDS_jan2013.pdf\">SAATIMIL TDS_jan2013<\/a><\/p>\n<p><a href=\"http:\/\/www.tempex.sk\/wp-content\/uploads\/2014\/06\/saati.jpg\"><img loading=\"lazy\" decoding=\"async\" src=\"http:\/\/www.tempex.sk\/wp-content\/uploads\/2014\/06\/saati.jpg\" alt=\"saati\" width=\"325\" height=\"360\" class=\"alignleft size-full wp-image-1992\" \/><\/a><\/p>\n","protected":false},"excerpt":{"rendered":"<p>Technick\u00e9 sit\u00e1 SaatiMil na triedenie a filtr\u00e1ciu. Stiahnite si prospekt: SAATIMIL_new catalogue Stiahnite si katal\u00f3gov\u00fd list: SAATIMIL TDS_jan2013<\/p>\n","protected":false},"author":2,"featured_media":0,"parent":11,"menu_order":0,"comment_status":"open","ping_status":"open","template":"","meta":{"_monsterinsights_skip_tracking":false,"_monsterinsights_sitenote_active":false,"_monsterinsights_sitenote_note":"","_monsterinsights_sitenote_category":0,"footnotes":""},"class_list":["post-2007","page","type-page","status-publish","hentry"],"_links":{"self":[{"href":"https:\/\/www.tempex.sk\/en\/wp-json\/wp\/v2\/pages\/2007","targetHints":{"allow":["GET"]}}],"collection":[{"href":"https:\/\/www.tempex.sk\/en\/wp-json\/wp\/v2\/pages"}],"about":[{"href":"https:\/\/www.tempex.sk\/en\/wp-json\/wp\/v2\/types\/page"}],"author":[{"embeddable":true,"href":"https:\/\/www.tempex.sk\/en\/wp-json\/wp\/v2\/users\/2"}],"replies":[{"embeddable":true,"href":"https:\/\/www.tempex.sk\/en\/wp-json\/wp\/v2\/comments?post=2007"}],"version-history":[{"count":8,"href":"https:\/\/www.tempex.sk\/en\/wp-json\/wp\/v2\/pages\/2007\/revisions"}],"predecessor-version":[{"id":2017,"href":"https:\/\/www.tempex.sk\/en\/wp-json\/wp\/v2\/pages\/2007\/revisions\/2017"}],"up":[{"embeddable":true,"href":"https:\/\/www.tempex.sk\/en\/wp-json\/wp\/v2\/pages\/11"}],"wp:attachment":[{"href":"https:\/\/www.tempex.sk\/en\/wp-json\/wp\/v2\/media?parent=2007"}],"curies":[{"name":"wp","href":"https:\/\/api.w.org\/{rel}","templated":true}]}}