{"id":1387,"date":"2013-02-08T00:10:08","date_gmt":"2013-02-07T22:10:08","guid":{"rendered":"http:\/\/www.tempex.sk\/?page_id=1387"},"modified":"2014-05-12T10:48:11","modified_gmt":"2014-05-12T08:48:11","slug":"jacmen","status":"publish","type":"page","link":"https:\/\/www.tempex.sk\/en\/technologie\/spracovanie-obilnin\/druhy-obilnin\/jacmen","title":{"rendered":"Barley"},"content":{"rendered":"<p>Ja\u010dme\u0148 patr\u00ed k najstar\u0161\u00edm kult\u00farnym obilnin\u00e1m. V s\u00fa\u010dasnosti sa pestuje najm\u00e4 j<strong>a\u010dme\u0148\u00a0siaty<\/strong>\u00a0(Hordeum sativa L.). Dar\u00ed sa mu aj v chladnej\u0161\u00edch oblastiach a vo vy\u0161\u0161\u00edch poloh\u00e1ch. Je pou\u017e\u00edvan\u00fd najm\u00e4 v pivovarn\u00edctve na v\u00fdrobu sladu. V mlynoch sa sprac\u00fava najm\u00e4 na kr\u00fapy a v men\u0161om mno\u017estve na m\u00faku. V minulosti boli ja\u010dmenn\u00e9 kr\u00fapy v na\u0161ich oblastiach v\u00fdznamnou zlo\u017ekou stravy, postupne spotreba klesala najm\u00e4 v d\u00f4sledku dostupnosti ry\u017ee. Ja\u010dme\u0148 sa pou\u017e\u00edva aj na v\u00fdrobu k\u00e1vov\u00edn &#8211; n\u00e1hrad pravej k\u00e1vy.<\/p>\n","protected":false},"excerpt":{"rendered":"<p>Ja\u010dme\u0148 patr\u00ed k najstar\u0161\u00edm kult\u00farnym obilnin\u00e1m. V s\u00fa\u010dasnosti sa pestuje najm\u00e4 ja\u010dme\u0148\u00a0siaty\u00a0(Hordeum sativa L.). Dar\u00ed sa mu aj v chladnej\u0161\u00edch oblastiach a vo vy\u0161\u0161\u00edch poloh\u00e1ch. Je pou\u017e\u00edvan\u00fd najm\u00e4 v pivovarn\u00edctve na v\u00fdrobu sladu. V mlynoch sa sprac\u00fava najm\u00e4 na kr\u00fapy a v men\u0161om mno\u017estve na m\u00faku. V minulosti boli ja\u010dmenn\u00e9 kr\u00fapy v na\u0161ich oblastiach v\u00fdznamnou [&hellip;]<\/p>\n","protected":false},"author":1,"featured_media":0,"parent":1381,"menu_order":2,"comment_status":"open","ping_status":"open","template":"","meta":{"_monsterinsights_skip_tracking":false,"_monsterinsights_sitenote_active":false,"_monsterinsights_sitenote_note":"","_monsterinsights_sitenote_category":0,"footnotes":""},"class_list":["post-1387","page","type-page","status-publish","hentry"],"_links":{"self":[{"href":"https:\/\/www.tempex.sk\/en\/wp-json\/wp\/v2\/pages\/1387","targetHints":{"allow":["GET"]}}],"collection":[{"href":"https:\/\/www.tempex.sk\/en\/wp-json\/wp\/v2\/pages"}],"about":[{"href":"https:\/\/www.tempex.sk\/en\/wp-json\/wp\/v2\/types\/page"}],"author":[{"embeddable":true,"href":"https:\/\/www.tempex.sk\/en\/wp-json\/wp\/v2\/users\/1"}],"replies":[{"embeddable":true,"href":"https:\/\/www.tempex.sk\/en\/wp-json\/wp\/v2\/comments?post=1387"}],"version-history":[{"count":4,"href":"https:\/\/www.tempex.sk\/en\/wp-json\/wp\/v2\/pages\/1387\/revisions"}],"predecessor-version":[{"id":1967,"href":"https:\/\/www.tempex.sk\/en\/wp-json\/wp\/v2\/pages\/1387\/revisions\/1967"}],"up":[{"embeddable":true,"href":"https:\/\/www.tempex.sk\/en\/wp-json\/wp\/v2\/pages\/1381"}],"wp:attachment":[{"href":"https:\/\/www.tempex.sk\/en\/wp-json\/wp\/v2\/media?parent=1387"}],"curies":[{"name":"wp","href":"https:\/\/api.w.org\/{rel}","templated":true}]}}