{"id":1117,"date":"2012-08-16T19:15:09","date_gmt":"2012-08-16T17:15:09","guid":{"rendered":"http:\/\/www.tempex.sk\/?page_id=1117"},"modified":"2020-04-05T17:34:54","modified_gmt":"2020-04-05T15:34:54","slug":"referencie","status":"publish","type":"page","link":"https:\/\/www.tempex.sk\/en\/o-nas\/referencie","title":{"rendered":"References"},"content":{"rendered":"<p>(click the preview to load the movie)<\/p>\n<p><a href=\"http:\/\/www.tempex.sk\/wp-content\/uploads\/Balenie1kg.mp4\"><img loading=\"lazy\" decoding=\"async\" style=\"margin-right: 15px;\" title=\"1kg balenie\" src=\"http:\/\/www.tempex.sk\/wp-content\/uploads\/Balenie1kg_button.png\" alt=\"1kg balenie\" width=\"180\" height=\"135\" align=\"left\" \/><\/a><\/p>\n<h3>Baliaca linka pre 1kg balenia.<\/h3>\n<p>&nbsp;<\/p>\n<p>&nbsp;<\/p>\n<p><a href=\"http:\/\/www.tempex.sk\/wp-content\/uploads\/Paletizacia.mp4\"><img loading=\"lazy\" decoding=\"async\" style=\"margin-right: 15px;\" title=\"Paletiz\u00e1cia\" src=\"http:\/\/www.tempex.sk\/wp-content\/uploads\/Paletizacia_button.png\" alt=\"Paletiz\u00e1cia\" width=\"180\" height=\"135\" align=\"left\" \/><\/a><\/p>\n<h3>Automatizovan\u00e1 paletiz\u00e1cia pomocou paletiz\u00e1tora.<\/h3>\n<p>&nbsp;<\/p>\n<p>&nbsp;<\/p>\n<p><a href=\"http:\/\/www.tempex.sk\/wp-content\/uploads\/Plniaca_hubica.mp4\"><img loading=\"lazy\" decoding=\"async\" style=\"margin-right: 15px;\" title=\"Plniaca hubica\" src=\"http:\/\/www.tempex.sk\/wp-content\/uploads\/Plniaca_hubica_button.png\" alt=\"Plnica hubica\" width=\"180\" height=\"135\" align=\"left\" \/><\/a><\/p>\n<h3>Bezpra\u0161n\u00e1 nakl\u00e1dka pomocou plniacej hubice.<\/h3>\n<p><\/p>","protected":false},"excerpt":{"rendered":"<p>(click the preview to load the movie) Baliaca linka pre 1kg balenia. &nbsp; &nbsp; Automatizovan\u00e1 paletiz\u00e1cia pomocou paletiz\u00e1tora. &nbsp; &nbsp; Bezpra\u0161n\u00e1 nakl\u00e1dka pomocou plniacej hubice.<\/p>\n","protected":false},"author":1,"featured_media":0,"parent":7,"menu_order":0,"comment_status":"open","ping_status":"open","template":"","meta":{"_monsterinsights_skip_tracking":false,"_monsterinsights_sitenote_active":false,"_monsterinsights_sitenote_note":"","_monsterinsights_sitenote_category":0,"footnotes":""},"class_list":["post-1117","page","type-page","status-publish","hentry"],"_links":{"self":[{"href":"https:\/\/www.tempex.sk\/en\/wp-json\/wp\/v2\/pages\/1117","targetHints":{"allow":["GET"]}}],"collection":[{"href":"https:\/\/www.tempex.sk\/en\/wp-json\/wp\/v2\/pages"}],"about":[{"href":"https:\/\/www.tempex.sk\/en\/wp-json\/wp\/v2\/types\/page"}],"author":[{"embeddable":true,"href":"https:\/\/www.tempex.sk\/en\/wp-json\/wp\/v2\/users\/1"}],"replies":[{"embeddable":true,"href":"https:\/\/www.tempex.sk\/en\/wp-json\/wp\/v2\/comments?post=1117"}],"version-history":[{"count":68,"href":"https:\/\/www.tempex.sk\/en\/wp-json\/wp\/v2\/pages\/1117\/revisions"}],"predecessor-version":[{"id":1121,"href":"https:\/\/www.tempex.sk\/en\/wp-json\/wp\/v2\/pages\/1117\/revisions\/1121"}],"up":[{"embeddable":true,"href":"https:\/\/www.tempex.sk\/en\/wp-json\/wp\/v2\/pages\/7"}],"wp:attachment":[{"href":"https:\/\/www.tempex.sk\/en\/wp-json\/wp\/v2\/media?parent=1117"}],"curies":[{"name":"wp","href":"https:\/\/api.w.org\/{rel}","templated":true}]}}