{"id":99,"date":"2011-09-21T12:21:41","date_gmt":"2011-09-21T12:21:41","guid":{"rendered":"http:\/\/tempex.yomio.eu\/?page_id=99"},"modified":"2013-02-08T09:38:55","modified_gmt":"2013-02-08T07:38:55","slug":"kukurica","status":"publish","type":"page","link":"https:\/\/www.tempex.sk\/cz\/technologie\/spracovanie-obilnin\/druhy-obilnin\/kukurica","title":{"rendered":"Kuku\u0159ice"},"content":{"rendered":"<p class=\"qtranxs-available-languages-message qtranxs-available-languages-message-cz\">T\u00e1to sekcia str\u00e1nky nieje dostupn\u00e1 v po\u017eadovanom jazyku.<\/p>","protected":false},"excerpt":{"rendered":"<p>T\u00e1to sekcia str\u00e1nky nieje dostupn\u00e1 v po\u017eadovanom jazyku.<\/p>\n","protected":false},"author":1,"featured_media":0,"parent":1381,"menu_order":3,"comment_status":"open","ping_status":"open","template":"","meta":{"_monsterinsights_skip_tracking":false,"_monsterinsights_sitenote_active":false,"_monsterinsights_sitenote_note":"","_monsterinsights_sitenote_category":0,"footnotes":""},"class_list":["post-99","page","type-page","status-publish","hentry"],"_links":{"self":[{"href":"https:\/\/www.tempex.sk\/cz\/wp-json\/wp\/v2\/pages\/99","targetHints":{"allow":["GET"]}}],"collection":[{"href":"https:\/\/www.tempex.sk\/cz\/wp-json\/wp\/v2\/pages"}],"about":[{"href":"https:\/\/www.tempex.sk\/cz\/wp-json\/wp\/v2\/types\/page"}],"author":[{"embeddable":true,"href":"https:\/\/www.tempex.sk\/cz\/wp-json\/wp\/v2\/users\/1"}],"replies":[{"embeddable":true,"href":"https:\/\/www.tempex.sk\/cz\/wp-json\/wp\/v2\/comments?post=99"}],"version-history":[{"count":19,"href":"https:\/\/www.tempex.sk\/cz\/wp-json\/wp\/v2\/pages\/99\/revisions"}],"predecessor-version":[{"id":1403,"href":"https:\/\/www.tempex.sk\/cz\/wp-json\/wp\/v2\/pages\/99\/revisions\/1403"}],"up":[{"embeddable":true,"href":"https:\/\/www.tempex.sk\/cz\/wp-json\/wp\/v2\/pages\/1381"}],"wp:attachment":[{"href":"https:\/\/www.tempex.sk\/cz\/wp-json\/wp\/v2\/media?parent=99"}],"curies":[{"name":"wp","href":"https:\/\/api.w.org\/{rel}","templated":true}]}}