{"id":84,"date":"2011-09-21T12:06:34","date_gmt":"2011-09-21T12:06:34","guid":{"rendered":"http:\/\/tempex.yomio.eu\/?page_id=84"},"modified":"2013-11-13T19:33:39","modified_gmt":"2013-11-13T17:33:39","slug":"sypke-hmoty","status":"publish","type":"page","link":"https:\/\/www.tempex.sk\/cz\/komponenty\/sypke-hmoty","title":{"rendered":"(Slovensky) Sypk\u00e9 hmoty"},"content":{"rendered":"<p>Pre technol\u00f3gie sypk\u00fdch hm\u00f4t dod\u00e1vame okrem komplexn\u00fdch rie\u0161en\u00ed r\u00f4zne komponenty:\u00a0<strong>Mechanick\u00e9 dopravn\u00e9 zariadenia pre vodorovn\u00fa a zvisl\u00fa dopravu\u00a0<\/strong>(z\u00e1vitovkov\u00e9 dopravn\u00edky, kor\u010dekov\u00e9 elev\u00e1tory, re\u0165azov\u00e9 dopravn\u00edky, p\u00e1sov\u00e9 dopravn\u00edky), vr\u00e1tane n\u00e1hradn\u00fdch dielov &#8211; elev\u00e1torov\u00e9 naber\u00e1ky, elev\u00e1torov\u00e9 popruhy at\u010f.\u00a0<strong>Pneumatick\u00e9 dopravn\u00e9 cesty: zmie\u0161ava\u010de, rozbo\u010dky dopravn\u00fdch vetiev, odlu\u010dova\u010de, filtre a \u010fal\u0161ie prvky.<\/strong>\u00a0<strong><\/strong><strong>Zariadenia pre mie\u0161anie a homogeniz\u00e1ciu sypk\u00fdch zmes\u00ed.<\/strong>\u00a0<strong><\/strong><strong>Technologick\u00e9 v\u00e1hy a d\u00e1vkovacie syst\u00e9my.<\/strong>\u00a0<strong><\/strong><strong>Stroje a linky na balenie do vriec a big bagov, vr\u00e1tane paletiz\u00e1cie a fix\u00e1cie tovaru na palete.<\/strong>\u00a0<strong><\/strong><strong>Hubice pre elimin\u00e1ciu pra\u0161nosti pri nakl\u00e1dke vozidiel alebo sypan\u00ed na skl\u00e1dku.<\/strong><\/p>\n<h2><strong>Tesniace uz\u00e1very a zmie\u0161ava\u010de<\/strong><\/h2>\n<p><strong><br \/>\n<\/strong><a href=\"http:\/\/www.tempex.sk\/wp-content\/uploads\/2011\/09\/Olo1.jpg\"><img loading=\"lazy\" decoding=\"async\" alt=\"Olo1\" src=\"http:\/\/www.tempex.sk\/wp-content\/uploads\/2011\/09\/Olo1.jpg\" width=\"250\" height=\"180\" \/><\/a><\/p>\n<p>Tesniace uz\u00e1very s\u00fa ur\u010den\u00e9 na prepravu sypk\u00fdch materi\u00e1lov medzi prostrediami s r\u00f4znym tlakom. Typick\u00fdm je napr\u00edklad pou\u017eitie na zber filtr\u00e1tu z prachov\u00e9ho filtra. Tesniace uz\u00e1very m\u00f4\u017eu by\u0165 pou\u017eit\u00e9 aj ako zmie\u0161ava\u010de d\u00e1vkuj\u00face produkt do potrubia tlakov\u00e9ho pneumatick\u00e9ho dopravn\u00e9ho syst\u00e9mu. Vyr\u00e1baj\u00fa sa v r\u00f4znych ve\u013ekostiach, z r\u00f4znych materi\u00e1lov a v r\u00f4znych prevedeniach, \u010do umo\u017e\u0148uje ich pou\u017eitie pre r\u00f4zne materi\u00e1ly.<\/p>\n<h2><strong>Rozbo\u010dky do tlakov\u00fdch dopravn\u00fdch syst\u00e9mov<\/strong><\/h2>\n<h4>\u00a0<a href=\"http:\/\/www.tempex.sk\/wp-content\/uploads\/2011\/09\/VPT.jpg\"><img loading=\"lazy\" decoding=\"async\" alt=\"VPT\" src=\"http:\/\/www.tempex.sk\/wp-content\/uploads\/2011\/09\/VPT.jpg\" width=\"181\" height=\"142\" \/><\/a><a href=\"http:\/\/www.tempex.sk\/wp-content\/uploads\/2011\/09\/VPDOLOCCO.jpg\"><img loading=\"lazy\" decoding=\"async\" alt=\"VPDOLOCCO\" src=\"http:\/\/www.tempex.sk\/wp-content\/uploads\/2011\/09\/VPDOLOCCO.jpg\" width=\"183\" height=\"142\" \/><\/a><a href=\"http:\/\/www.tempex.sk\/wp-content\/uploads\/2011\/09\/OLOVPD.jpg\"><img loading=\"lazy\" decoding=\"async\" alt=\"OLOVPD\" src=\"http:\/\/www.tempex.sk\/wp-content\/uploads\/2011\/09\/OLOVPD.jpg\" width=\"150\" height=\"142\" \/><\/a><\/h4>\n<h4><\/h4>\n<p>Rozbo\u010dky s\u00fa pou\u017e\u00edvan\u00e9 na vetvenia pneumatick\u00fdch dopravn\u00fdch ciest. K dispoz\u00edcii s\u00fa r\u00f4zne typy v r\u00f4znych prevediach v z\u00e1vislosti od parametrov dopravn\u00e9ho syst\u00e9mu a vlastnost\u00ed dopravovan\u00e9ho materi\u00e1lu.<\/p>\n<h2><strong>No\u017eov\u00e9 a mot\u00fdlkov\u00e9 uz\u00e1very<\/strong><\/h2>\n<p><a href=\"http:\/\/www.tempex.sk\/wp-content\/uploads\/2011\/09\/UPG.jpg\"><img loading=\"lazy\" decoding=\"async\" alt=\"UPG\" src=\"http:\/\/www.tempex.sk\/wp-content\/uploads\/2011\/09\/UPG.jpg\" width=\"345\" height=\"142\" \/><\/a><a href=\"http:\/\/www.tempex.sk\/wp-content\/uploads\/2011\/09\/VPF.jpg\"><img loading=\"lazy\" decoding=\"async\" alt=\"VPF\" src=\"http:\/\/www.tempex.sk\/wp-content\/uploads\/2011\/09\/VPF.jpg\" width=\"216\" height=\"142\" \/><\/a><\/p>\n<p>No\u017eov\u00e9 a mot\u00fdlkov\u00e9 uz\u00e1very s\u00fa k dispoz\u00edcii v r\u00f4znych ve\u013ekostiach pre r\u00f4zne materi\u00e1ly.<\/p>\n<h2><strong>Hubice MODUFLEX na elimin\u00e1ciu pra\u0161nosti pri nakl\u00e1dke<\/strong><\/h2>\n<h4><\/h4>\n<h4><\/h4>\n<p><a href=\"http:\/\/www.tempex.sk\/wp-content\/uploads\/2013\/11\/V800.jpg\"><img loading=\"lazy\" decoding=\"async\" alt=\"V800\" src=\"http:\/\/www.tempex.sk\/wp-content\/uploads\/2013\/11\/V800.jpg\" width=\"57\" height=\"142\" \/><\/a><a href=\"http:\/\/www.tempex.sk\/wp-content\/uploads\/2013\/11\/V400.jpg\"><img loading=\"lazy\" decoding=\"async\" alt=\"V400\" src=\"http:\/\/www.tempex.sk\/wp-content\/uploads\/2013\/11\/V400.jpg\" width=\"70\" height=\"142\" \/><\/a><a href=\"http:\/\/www.tempex.sk\/wp-content\/uploads\/2013\/11\/V300.jpg\"><img loading=\"lazy\" decoding=\"async\" alt=\"V300\" src=\"http:\/\/www.tempex.sk\/wp-content\/uploads\/2013\/11\/V300.jpg\" width=\"49\" height=\"142\" \/><\/a><a href=\"http:\/\/www.tempex.sk\/wp-content\/uploads\/2013\/11\/T250.jpg\"><img loading=\"lazy\" decoding=\"async\" alt=\"T250\" src=\"http:\/\/www.tempex.sk\/wp-content\/uploads\/2013\/11\/T250.jpg\" width=\"77\" height=\"142\" \/><\/a><a href=\"http:\/\/www.tempex.sk\/wp-content\/uploads\/2013\/11\/S300.jpg\"><img loading=\"lazy\" decoding=\"async\" alt=\"S300\" src=\"http:\/\/www.tempex.sk\/wp-content\/uploads\/2013\/11\/S300.jpg\" width=\"93\" height=\"142\" \/><\/a><a href=\"http:\/\/www.tempex.sk\/wp-content\/uploads\/2013\/11\/K400.jpg\"><img loading=\"lazy\" decoding=\"async\" alt=\"K400\" src=\"http:\/\/www.tempex.sk\/wp-content\/uploads\/2013\/11\/K400.jpg\" width=\"94\" height=\"142\" \/><\/a><a href=\"http:\/\/www.tempex.sk\/wp-content\/uploads\/2013\/11\/K300.jpg\"><img loading=\"lazy\" decoding=\"async\" alt=\"K300\" src=\"http:\/\/www.tempex.sk\/wp-content\/uploads\/2013\/11\/K300.jpg\" width=\"86\" height=\"142\" \/><\/a><a href=\"http:\/\/www.tempex.sk\/wp-content\/uploads\/2013\/11\/H400.jpg\"><img loading=\"lazy\" decoding=\"async\" alt=\"H400\" src=\"http:\/\/www.tempex.sk\/wp-content\/uploads\/2013\/11\/H400.jpg\" width=\"108\" height=\"142\" \/><\/a><a href=\"http:\/\/www.tempex.sk\/wp-content\/uploads\/2013\/11\/D300.jpg\"><img loading=\"lazy\" decoding=\"async\" alt=\"D300\" src=\"http:\/\/www.tempex.sk\/wp-content\/uploads\/2013\/11\/D300.jpg\" width=\"101\" height=\"142\" \/><\/a><a href=\"http:\/\/www.tempex.sk\/wp-content\/uploads\/2013\/11\/C300.jpg\"><img loading=\"lazy\" decoding=\"async\" alt=\"C300\" src=\"http:\/\/www.tempex.sk\/wp-content\/uploads\/2013\/11\/C300.jpg\" width=\"76\" height=\"142\" \/><\/a><a href=\"http:\/\/www.tempex.sk\/wp-content\/uploads\/2013\/11\/A400.jpg\"><img loading=\"lazy\" decoding=\"async\" alt=\"A400\" src=\"http:\/\/www.tempex.sk\/wp-content\/uploads\/2013\/11\/A400.jpg\" width=\"76\" height=\"142\" \/><\/a><\/p>","protected":false},"excerpt":{"rendered":"<p>Pre technol\u00f3gie sypk\u00fdch hm\u00f4t dod\u00e1vame okrem komplexn\u00fdch rie\u0161en\u00ed r\u00f4zne komponenty:\u00a0Mechanick\u00e9 dopravn\u00e9 zariadenia pre vodorovn\u00fa a zvisl\u00fa dopravu\u00a0(z\u00e1vitovkov\u00e9 dopravn\u00edky, kor\u010dekov\u00e9 elev\u00e1tory, re\u0165azov\u00e9 dopravn\u00edky, p\u00e1sov\u00e9 dopravn\u00edky), vr\u00e1tane n\u00e1hradn\u00fdch dielov &#8211; elev\u00e1torov\u00e9 naber\u00e1ky, elev\u00e1torov\u00e9 popruhy at\u010f.\u00a0Pneumatick\u00e9 dopravn\u00e9 cesty: zmie\u0161ava\u010de, rozbo\u010dky dopravn\u00fdch vetiev, odlu\u010dova\u010de, filtre a \u010fal\u0161ie prvky.\u00a0Zariadenia pre mie\u0161anie a homogeniz\u00e1ciu sypk\u00fdch zmes\u00ed.\u00a0Technologick\u00e9 v\u00e1hy a d\u00e1vkovacie syst\u00e9my.\u00a0Stroje a [&hellip;]<\/p>\n","protected":false},"author":1,"featured_media":0,"parent":11,"menu_order":1,"comment_status":"open","ping_status":"open","template":"","meta":{"_monsterinsights_skip_tracking":false,"_monsterinsights_sitenote_active":false,"_monsterinsights_sitenote_note":"","_monsterinsights_sitenote_category":0,"footnotes":""},"class_list":["post-84","page","type-page","status-publish","hentry"],"_links":{"self":[{"href":"https:\/\/www.tempex.sk\/cz\/wp-json\/wp\/v2\/pages\/84","targetHints":{"allow":["GET"]}}],"collection":[{"href":"https:\/\/www.tempex.sk\/cz\/wp-json\/wp\/v2\/pages"}],"about":[{"href":"https:\/\/www.tempex.sk\/cz\/wp-json\/wp\/v2\/types\/page"}],"author":[{"embeddable":true,"href":"https:\/\/www.tempex.sk\/cz\/wp-json\/wp\/v2\/users\/1"}],"replies":[{"embeddable":true,"href":"https:\/\/www.tempex.sk\/cz\/wp-json\/wp\/v2\/comments?post=84"}],"version-history":[{"count":44,"href":"https:\/\/www.tempex.sk\/cz\/wp-json\/wp\/v2\/pages\/84\/revisions"}],"predecessor-version":[{"id":1743,"href":"https:\/\/www.tempex.sk\/cz\/wp-json\/wp\/v2\/pages\/84\/revisions\/1743"}],"up":[{"embeddable":true,"href":"https:\/\/www.tempex.sk\/cz\/wp-json\/wp\/v2\/pages\/11"}],"wp:attachment":[{"href":"https:\/\/www.tempex.sk\/cz\/wp-json\/wp\/v2\/media?parent=84"}],"curies":[{"name":"wp","href":"https:\/\/api.w.org\/{rel}","templated":true}]}}