{"id":82,"date":"2011-09-21T12:05:12","date_gmt":"2011-09-21T12:05:12","guid":{"rendered":"http:\/\/tempex.yomio.eu\/?page_id=82"},"modified":"2022-06-07T09:56:01","modified_gmt":"2022-06-07T07:56:01","slug":"spracovanie-obilnin","status":"publish","type":"page","link":"https:\/\/www.tempex.sk\/cz\/technologie\/spracovanie-obilnin","title":{"rendered":"Zpracov\u00e1n\u00ed obilovin"},"content":{"rendered":"<p><\/p>\n<p>Jednou z na\u0161\u00edch z\u00e1kladn\u00edch aktivit jsou dod\u00e1vky stroj\u016f pro ml\u00fdny. V\u00edce ne\u017e 35 let\u00e9 zku\u0161enosti v oboru a neust\u00e1l\u00fd monitoring v\u00fdvoje v oboru n\u00e1m umo\u017e\u0148uj\u00ed nab\u00edzet sofistikovan\u00e1 \u0159e\u0161en\u00ed.<\/p>\n<p><img loading=\"lazy\" decoding=\"async\" class=\"alignleft size-medium wp-image-249\" title=\"ocrimlogo\" src=\"http:\/\/www.tempex.sk\/wp-content\/uploads\/2011\/09\/ocrimlogo-300x104.jpg\" alt=\"\" width=\"168\" height=\"58\" srcset=\"https:\/\/www.tempex.sk\/wp-content\/uploads\/2011\/09\/ocrimlogo-300x104.jpg 300w, https:\/\/www.tempex.sk\/wp-content\/uploads\/2011\/09\/ocrimlogo.jpeg 591w\" sizes=\"auto, (max-width: 168px) 100vw, 168px\" \/><\/p>\n<p align=\"justify\">V tejto oblasti takmer dve desa\u0165ro\u010dia spolupracujeme s firmou Ocrim Spa so s\u00eddlom v talianskej Cremone. Ocrim patr\u00ed medzi najzn\u00e1mej\u0161\u00edch svetov\u00fdch v\u00fdrobcov mlynsk\u00fdch strojov s dlhou trad\u00edciou. Vy\u017eiadajte si ponuku na konkr\u00e9tny stroj, technologick\u00fa linku alebo na dod\u00e1vku na k\u013e\u00fa\u010d.<\/p>\n<h2>INOXLINE<\/h2>\n<p><img loading=\"lazy\" decoding=\"async\" style=\"margin-right: 10px;\" title=\"ocrim1\" src=\"http:\/\/www.tempex.sk\/wp-content\/uploads\/2011\/09\/ocrim1.jpeg\" alt=\"\" width=\"80\" height=\"80\" align=\"left\" \/><\/p>\n<p align=\"justify\">INOXLINE je typov\u00e1 rada mlynsk\u00fdch strojov, ktor\u00e9 maj\u00fa v\u0161etky kovov\u00e9 \u010dasti v styku s produktom vyroben\u00e9 z nehrdzavej\u00facej ocele, \u010do zodpoved\u00e1 aj najn\u00e1ro\u010dnej\u0161\u00edm hygienick\u00fdm \u0161tandartom. Postupne sa roz\u0161iruje o \u010fal\u0161ie stroje a zariadenia. V s\u00fa\u010dasnosti s\u00fa v tejto verzii k dispoz\u00edcii: vertik\u00e1lny intenz\u00edvny nakr\u00e1pa\u010d SCV, intenz\u00edvny nakr\u00e1pa\u010d SCB, magnetick\u00fd separ\u00e1tor MS, zvlh\u010dova\u010d SCN, d\u00e1vkova\u010d vody DMA, turboaspir\u00e1tor TTX, valcov\u00e9 stolice RMX a RMXQ, odstrediv\u00fd rozme\u013e\u0148ova\u010d DCX, deta\u017e\u00e9r DRX, vibra\u010dn\u00e1 preosieva\u010dka FVX, vysieva\u010de BMG a SFX , \u010disti\u010dka krup\u00edc SDX, filtre FLP a \u010fal\u0161ie stroje.<\/p>\n<h2>STROJE NA PRED\u010cISTENIE A \u010cISTENIE OBILIA<\/h2>\n<p><img loading=\"lazy\" decoding=\"async\" style=\"margin-right: 10px;\" src=\"http:\/\/www.tempex.sk\/wp-content\/uploads\/2011\/09\/ocrim2.jpeg\" alt=\"\" width=\"80\" height=\"80\" align=\"left\" \/><\/p>\n<p align=\"justify\">Stroje na pre\u010distenie obilia s\u00fa ur\u010den\u00e9 pre pr\u00edjmov\u00e9 linky a stroje na \u010distenie s\u00fa obvykle s\u00fa\u010das\u0165ou liniek na pr\u00edpravu obilia pred mlet\u00edm. V ponuke s\u00fa: bubnov\u00fd pred\u010distiarensk\u00fd separ\u00e1tor SRP, objemov\u00fd d\u00e1vkova\u010d MI, tesniaci rota\u010dn\u00fd uz\u00e1ver STG, elektronick\u00fd d\u00e1vkova\u010d FCB, magnetick\u00fd separ\u00e1tor MS, sitov\u00fd triedi\u010d SPR, vibra\u010dn\u00fd triedi\u010d TRV, aspir\u00e1tory TRR, TRC, odkamienkova\u010d TSV, tireov\u00e9 stanice CSA a \u010fal\u0161ie stroje.<\/p>\n<h2>MLYNSK\u00c9 STROJE<\/h2>\n<p><img loading=\"lazy\" decoding=\"async\" style=\"margin-right: 10px;\" title=\"ocrim3\" src=\"http:\/\/www.tempex.sk\/wp-content\/uploads\/2011\/09\/ocrim3.jpeg\" alt=\"\" width=\"80\" height=\"80\" align=\"left\" \/><\/p>\n<p align=\"justify\">Pre zostavenie mlec\u00edch liniek s\u00fa k dispoz\u00edcii mlynsk\u00e9 stroje: valcov\u00e9 stolice LAM a RMX, vysieva\u010de SFL, BQG, \u010disti\u010dky krup\u00edc SDB, rozme\u013e\u0148ova\u010de DCP, DR, vyt\u013aka\u010dky FVA a FPK, strilzit\u00e1tory IDA a \u010fal\u0161ie stroje.<\/p>\n<h2><\/h2>\n<h2>SPRACOVANIE KUKURICE<\/h2>\n<p><img loading=\"lazy\" decoding=\"async\" style=\"margin-right: 10px;\" title=\"ocrim4\" src=\"http:\/\/www.tempex.sk\/wp-content\/uploads\/2011\/09\/ocrim4.jpeg\" alt=\"\" width=\"80\" height=\"80\" align=\"left\" \/><\/p>\n<p align=\"justify\">Firma Ocrim s\u00eddli v produk\u010dnej oblasti kukurice, je teda prirodzen\u00e9, \u017ee m\u00e1 dokonale zvl\u00e1dnut\u00fa technol\u00f3giu spracovania kukurice. Z\u00e1kladn\u00fdmi strojmi s\u00fa: viecer\u00e9 typy odkl\u00ed\u010dkova\u010dov (pod\u013ea v\u00fdsledn\u00e9ho produktu)DGF, DGS, DGO, DGC, preosieva\u010dka SFM, vlo\u010dkovacia stolica RMP, varn\u00e1 kol\u00f3na CVB, su\u0161i\u010dka DYN a \u010fal\u0161ie.<\/p>\n<h2>OSTATN\u00c9 STROJE A ZARIADENIA PRE MLYNY<\/h2>\n<p><img loading=\"lazy\" decoding=\"async\" style=\"margin-right: 10px;\" title=\"ocrim5\" src=\"http:\/\/www.tempex.sk\/wp-content\/uploads\/2011\/09\/ocrim5.jpeg\" alt=\"\" width=\"80\" height=\"80\" align=\"left\" \/><\/p>\n<p>Pre kompletiz\u00e1ciu do celkov vyr\u00e1ba Ocrim \u010fal\u0161ie zariadenia ako vibra\u010dn\u00e9 d\u00e1vkova\u010de AV, dopravn\u00edky pre zvisl\u00fa a vodorovn\u00fa dopravu,,uz\u00e1very, rozbo\u010dky, filtre, ventil\u00e1tory, \u0161rotovn\u00edky, d\u00e1avkova\u010de a \u010fal\u0161ie.<\/p>\n<p><\/p>","protected":false},"excerpt":{"rendered":"<p>Jednou z na\u0161\u00edch z\u00e1kladn\u00edch aktivit jsou dod\u00e1vky stroj\u016f pro ml\u00fdny. V\u00edce ne\u017e 35 let\u00e9 zku\u0161enosti v oboru a neust\u00e1l\u00fd monitoring v\u00fdvoje v oboru n\u00e1m umo\u017e\u0148uj\u00ed nab\u00edzet sofistikovan\u00e1 \u0159e\u0161en\u00ed. V tejto oblasti takmer dve desa\u0165ro\u010dia spolupracujeme s firmou Ocrim Spa so s\u00eddlom v talianskej Cremone. Ocrim patr\u00ed medzi najzn\u00e1mej\u0161\u00edch svetov\u00fdch v\u00fdrobcov mlynsk\u00fdch strojov s dlhou trad\u00edciou. [&hellip;]<\/p>\n","protected":false},"author":1,"featured_media":0,"parent":9,"menu_order":2,"comment_status":"open","ping_status":"open","template":"","meta":{"_monsterinsights_skip_tracking":false,"_monsterinsights_sitenote_active":false,"_monsterinsights_sitenote_note":"","_monsterinsights_sitenote_category":0,"footnotes":""},"class_list":["post-82","page","type-page","status-publish","hentry"],"_links":{"self":[{"href":"https:\/\/www.tempex.sk\/cz\/wp-json\/wp\/v2\/pages\/82","targetHints":{"allow":["GET"]}}],"collection":[{"href":"https:\/\/www.tempex.sk\/cz\/wp-json\/wp\/v2\/pages"}],"about":[{"href":"https:\/\/www.tempex.sk\/cz\/wp-json\/wp\/v2\/types\/page"}],"author":[{"embeddable":true,"href":"https:\/\/www.tempex.sk\/cz\/wp-json\/wp\/v2\/users\/1"}],"replies":[{"embeddable":true,"href":"https:\/\/www.tempex.sk\/cz\/wp-json\/wp\/v2\/comments?post=82"}],"version-history":[{"count":47,"href":"https:\/\/www.tempex.sk\/cz\/wp-json\/wp\/v2\/pages\/82\/revisions"}],"predecessor-version":[{"id":10818,"href":"https:\/\/www.tempex.sk\/cz\/wp-json\/wp\/v2\/pages\/82\/revisions\/10818"}],"up":[{"embeddable":true,"href":"https:\/\/www.tempex.sk\/cz\/wp-json\/wp\/v2\/pages\/9"}],"wp:attachment":[{"href":"https:\/\/www.tempex.sk\/cz\/wp-json\/wp\/v2\/media?parent=82"}],"curies":[{"name":"wp","href":"https:\/\/api.w.org\/{rel}","templated":true}]}}