{"id":7,"date":"2011-08-17T17:45:02","date_gmt":"2011-08-17T17:45:02","guid":{"rendered":"http:\/\/tempex.sk.loc\/?page_id=7"},"modified":"2024-11-18T10:47:34","modified_gmt":"2024-11-18T08:47:34","slug":"o-nas","status":"publish","type":"page","link":"https:\/\/www.tempex.sk\/cz\/o-nas","title":{"rendered":"O spole\u010dnosti"},"content":{"rendered":"<p><\/p>\n<p style=\"text-align: justify;\">Firma TEMPEX s.r.o. byla zalo\u017eena po\u010d\u00e1tkem roku 1992. Ji\u017e 32 let jsme  dodavatelem technologick\u00fdch celk\u016f a komponent\u016f pro odv\u011btv\u00ed zab\u00fdvaj\u00edc\u00ed se zpracov\u00e1n\u00edm obil\u00ed ale i jin\u00fdch sypk\u00fdch materi\u00e1l\u016f.<\/p>\n<p>Mezi na\u0161e hlavn\u00ed aktivity pat\u0159\u00ed:<\/p>\n<ul>\n<li><strong>N\u00e1vrhy a dod\u00e1vky technologi\u00ed pro zpracov\u00e1n\u00ed obil\u00ed<\/strong><\/li>\n<\/ul>\n<blockquote>\n<div align=\"justify\">Kvalifika\u010dn\u00ed p\u0159edpoklady a dlouholet\u00e9 praktick\u00e9 zku\u0161enosti v oboru n\u00e1m umo\u017e\u0148uj\u00ed nab\u00edzet z\u00e1kazn\u00edk\u016fm technologick\u00e9 poradenstv\u00ed, n\u00e1vrhy a dod\u00e1vky technologick\u00fdch celk\u016f a modernizaci st\u00e1vaj\u00edc\u00edch provozn\u00edch soubor\u016f. Neust\u00e1le monitorujeme technologick\u00fd a technick\u00fd v\u00fdvoj v oboru, p\u0159i na\u0161\u00ed pr\u00e1ci v\u017edy respektujeme<\/p>\n<p>aktu\u00e1ln\u00ed hygienick\u00e9 a jin\u00e9 legislat\u00edvn\u00ed po\u017eadavky.<\/p>\n<\/div>\n<\/blockquote>\n<ul>\n<li><strong>Bal\u00edc\u00ed stroje a bal\u00edc\u00ed linky<\/strong><\/li>\n<\/ul>\n<blockquote>\n<div align=\"justify\">Jsme zku\u0161en\u00fdm, dlouholet\u00fdm dodavatelem bal\u00edc\u00ed techniky pro balen\u00ed sypk\u00fdch materi\u00e1l\u016f (mouka, cukr, s\u016fl, krmiva pro zv\u00ed\u0159ata, osiva, cement, maltov\u00e9 sm\u011bsi, chemik\u00e1lie, granulovan\u00e9 plasty a jin\u00e9). Dod\u00e1v\u00e1me komplexn\u00ed \u0159e\u0161en\u00ed bal\u00edren &#8220;na kl\u00ed\u010d&#8221;, ale i na m\u00edru vyr\u00e1b\u011bn\u00e9 bal\u00edc\u00ed stroje. V na\u0161\u00ed nab\u00eddce jsou rovne\u017e stroje pro v\u00e1kuov\u00e9 balen\u00ed kusov\u00fdch v\u00fdrobk\u016f.<\/div>\n<\/blockquote>\n<div>\n<ul>\n<li><strong>Eliminace pra\u0161nosti nakl\u00e1dky voln\u011b lo\u017een\u00fdch sypk\u00fdch v\u00fdrobk\u016f<\/strong><\/li>\n<\/ul>\n<blockquote>\n<div align=\"justify\">P\u0159i nakl\u00e1dce voln\u011b lo\u017een\u00fdch sypk\u00fdch v\u00fdrobk\u016f na vozidla a skl\u00e1dky b\u00fdva probl\u00e9mem vysok\u00e1 pra\u0161nost. M\u00e1me pro V\u00e1s \u0159e\u0161en\u00ed.<\/p>\n<p>Krom\u011b eliminace p\u0159\u00edm\u00fdch ztr\u00e1t na v\u00fdrobku rozprachem V\u00e1m pom\u016f\u017eeme udr\u017eet m\u00edsto nakl\u00e1dky a vozidla \u010dist\u00e9 o nakl\u00e1dky a vozidl\u00e1 \u010distej\u0161ie. Klademe d\u016fraz na dodr\u017een\u00ed hygienick\u00fdch norem.<\/p>\n<p>Z\u00e1kladem \u0159e\u0161en\u00ed jsou teleskopick\u00e9 hubice, dod\u00e1v\u00e1me v\u0161ak i ostatn\u00ed pot\u0159ebn\u00e9 komponenty a tak m\u016f\u017eeme \u0159e\u0161it Va\u0161i pot\u0159ebu komplexn\u011b &#8220;na kl\u00ed\u010d&#8221;.<\/p>\n<\/div>\n<\/blockquote>\n<div>\n<ul>\n<li><strong>Komponenty pro technologie sypk\u00fdch hmot<\/strong><\/li>\n<\/ul>\n<blockquote>\n<div align=\"justify\">Jme dodavatelem r\u016fzn\u00fdch komponent\u016f pou\u017e\u00edvan\u00fdch v odv\u011btv\u00edch kde jsou surovinou nebo v\u00fdrobkem sypk\u00e9 hmoty. Jsou to p\u0159\u00edkladn\u011b v\u0161echny druhy dopravn\u00edk\u016f pre vodorovnou dopravu (p\u00e1sov\u00e9, z\u00e1vitovkov\u00e9, \u0159et\u011bzov\u00e9, fluidn\u00ed, vibra\u010dn\u00ed), svislou (kor\u010dekov\u00e9 elev\u00e1tory), prvky pro tlakovou pneumatickou dopravu (rozbo\u010dky, odlu\u010dova\u010de, filtry, sm\u011b\u0161ava\u010de, tesn\u00edc\u00ed uz\u00e1v\u011bry&#8230;).<\/p>\n<p>Dod\u00e1v\u00e1me rovn\u011b\u017e na m\u00edru vyr\u00e1b\u011bn\u00e9 z\u00e1sobn\u00edky (i v\u00e1\u017een\u00e9), homogeniz\u00e1tory, mikrod\u00e1vkova\u010de a jin\u00e9.<\/p>\n<\/div>\n<\/blockquote>\n<\/div>\n<blockquote>\n<p style=\"text-align: justify;\">Vyu\u017e\u00edvan\u00ed na\u0161ich dlouholet\u00fdch zku\u0161enost\u00ed a dlouholet\u00e1 spolupr\u00e1ce<\/p>\n<p>s renomovan\u00fdmi partnery n\u00e1m umo\u017e\u0148uje \u0159e\u0161it po\u017eadavky z\u00e1kazn\u00edk\u016f.<\/p><\/blockquote>\n<\/div>\n<p><\/p>","protected":false},"excerpt":{"rendered":"<p>Firma TEMPEX s.r.o. byla zalo\u017eena po\u010d\u00e1tkem roku 1992. Ji\u017e 32 let jsme dodavatelem technologick\u00fdch celk\u016f a komponent\u016f pro odv\u011btv\u00ed zab\u00fdvaj\u00edc\u00ed se zpracov\u00e1n\u00edm obil\u00ed ale i jin\u00fdch sypk\u00fdch materi\u00e1l\u016f. Mezi na\u0161e hlavn\u00ed aktivity pat\u0159\u00ed: N\u00e1vrhy a dod\u00e1vky technologi\u00ed pro zpracov\u00e1n\u00ed obil\u00ed Kvalifika\u010dn\u00ed p\u0159edpoklady a dlouholet\u00e9 praktick\u00e9 zku\u0161enosti v oboru n\u00e1m umo\u017e\u0148uj\u00ed nab\u00edzet z\u00e1kazn\u00edk\u016fm technologick\u00e9 poradenstv\u00ed, n\u00e1vrhy [&hellip;]<\/p>\n","protected":false},"author":1,"featured_media":0,"parent":0,"menu_order":1,"comment_status":"open","ping_status":"closed","template":"","meta":{"_monsterinsights_skip_tracking":false,"_monsterinsights_sitenote_active":false,"_monsterinsights_sitenote_note":"","_monsterinsights_sitenote_category":0,"footnotes":""},"class_list":["post-7","page","type-page","status-publish","hentry"],"_links":{"self":[{"href":"https:\/\/www.tempex.sk\/cz\/wp-json\/wp\/v2\/pages\/7","targetHints":{"allow":["GET"]}}],"collection":[{"href":"https:\/\/www.tempex.sk\/cz\/wp-json\/wp\/v2\/pages"}],"about":[{"href":"https:\/\/www.tempex.sk\/cz\/wp-json\/wp\/v2\/types\/page"}],"author":[{"embeddable":true,"href":"https:\/\/www.tempex.sk\/cz\/wp-json\/wp\/v2\/users\/1"}],"replies":[{"embeddable":true,"href":"https:\/\/www.tempex.sk\/cz\/wp-json\/wp\/v2\/comments?post=7"}],"version-history":[{"count":93,"href":"https:\/\/www.tempex.sk\/cz\/wp-json\/wp\/v2\/pages\/7\/revisions"}],"predecessor-version":[{"id":10876,"href":"https:\/\/www.tempex.sk\/cz\/wp-json\/wp\/v2\/pages\/7\/revisions\/10876"}],"wp:attachment":[{"href":"https:\/\/www.tempex.sk\/cz\/wp-json\/wp\/v2\/media?parent=7"}],"curies":[{"name":"wp","href":"https:\/\/api.w.org\/{rel}","templated":true}]}}