{"id":694,"date":"2011-10-27T21:09:56","date_gmt":"2011-10-27T19:09:56","guid":{"rendered":"http:\/\/www.tempex.sk\/skuska\/?page_id=694"},"modified":"2013-11-06T10:28:59","modified_gmt":"2013-11-06T08:28:59","slug":"vaziacie-a-davkovacie-systemy","status":"publish","type":"page","link":"https:\/\/www.tempex.sk\/cz\/technologie\/baliace-linky\/vaziacie-a-davkovacie-systemy","title":{"rendered":"V\u00e1\u017e\u00edc\u00ed a d\u00e1vkovac\u00ed syst\u00e9my"},"content":{"rendered":"<p class=\"qtranxs-available-languages-message qtranxs-available-languages-message-cz\">T\u00e1to sekcia str\u00e1nky nieje dostupn\u00e1 v po\u017eadovanom jazyku.<\/p>","protected":false},"excerpt":{"rendered":"<p>T\u00e1to sekcia str\u00e1nky nieje dostupn\u00e1 v po\u017eadovanom jazyku.<\/p>\n","protected":false},"author":1,"featured_media":0,"parent":49,"menu_order":0,"comment_status":"open","ping_status":"open","template":"","meta":{"_monsterinsights_skip_tracking":false,"_monsterinsights_sitenote_active":false,"_monsterinsights_sitenote_note":"","_monsterinsights_sitenote_category":0,"footnotes":""},"class_list":["post-694","page","type-page","status-publish","hentry"],"_links":{"self":[{"href":"https:\/\/www.tempex.sk\/cz\/wp-json\/wp\/v2\/pages\/694","targetHints":{"allow":["GET"]}}],"collection":[{"href":"https:\/\/www.tempex.sk\/cz\/wp-json\/wp\/v2\/pages"}],"about":[{"href":"https:\/\/www.tempex.sk\/cz\/wp-json\/wp\/v2\/types\/page"}],"author":[{"embeddable":true,"href":"https:\/\/www.tempex.sk\/cz\/wp-json\/wp\/v2\/users\/1"}],"replies":[{"embeddable":true,"href":"https:\/\/www.tempex.sk\/cz\/wp-json\/wp\/v2\/comments?post=694"}],"version-history":[{"count":19,"href":"https:\/\/www.tempex.sk\/cz\/wp-json\/wp\/v2\/pages\/694\/revisions"}],"predecessor-version":[{"id":1739,"href":"https:\/\/www.tempex.sk\/cz\/wp-json\/wp\/v2\/pages\/694\/revisions\/1739"}],"up":[{"embeddable":true,"href":"https:\/\/www.tempex.sk\/cz\/wp-json\/wp\/v2\/pages\/49"}],"wp:attachment":[{"href":"https:\/\/www.tempex.sk\/cz\/wp-json\/wp\/v2\/media?parent=694"}],"curies":[{"name":"wp","href":"https:\/\/api.w.org\/{rel}","templated":true}]}}