{"id":51,"date":"2011-08-27T10:53:12","date_gmt":"2011-08-27T10:53:12","guid":{"rendered":"http:\/\/tempex.yomio.eu\/?page_id=51"},"modified":"2022-06-07T10:00:09","modified_gmt":"2022-06-07T08:00:09","slug":"plniace-hubice","status":"publish","type":"page","link":"https:\/\/www.tempex.sk\/cz\/technologie\/plniace-hubice","title":{"rendered":"Teleskopick\u00e9 hubice Moduflex"},"content":{"rendered":"<p><img loading=\"lazy\" decoding=\"async\" style=\"margin-right: 0px; margin-bottom: 10px; margin-top: 0px;\" title=\"Moduflex logo\" src=\"http:\/\/www.tempex.sk\/wp-content\/uploads\/2011\/09\/ModuflexLOGO.png\" alt=\"Moduflex logo\" width=\"350\" height=\"100\" \/><\/p>\n<p align=\"justify\"><strong>V\u00fdhradn\u00ed zastoupen\u00ed v\u00fdrobce Cimbria Unigrain A\/S pro \u010ceskou republiku a Slovensko<\/strong><\/p>\n<p align=\"justify\"><strong>Hubice Moduflex se vyr\u00e1b\u011bj\u00ed od roku 1977 a mnoh\u00e9 technick\u00e9 detaily sa stali ji\u017e obecn\u00fdm standardem . Vyroben\u00fdch bylo t\u00e9m\u011b\u0159 17000 hub\u00edc v r\u016fzn\u00fdch proveden\u00edch. S v\u00fdb\u011brem t\u00e9 spr\u00e1vn\u00e9 hubice v\u00e1m r\u00e1di pom\u016f\u017eeme, sta\u010d\u00ed \u00a0kdy\u017e n\u00e1m zavol\u00e1te nebo mailem za\u0161lete po\u017eadavek.<\/strong><\/p>\n<p align=\"justify\"><strong>Jsme v\u00fdhradn\u00edm z\u00e1stupcem pro Slovensko a \u010ceskou republiku. Krom\u011b samotn\u00fdch hubic dod\u00e1v\u00e1me n\u00e1hradn\u00ed diely a nab\u00edz\u00edme odborn\u00fd servis.<\/strong><\/p>\n<p align=\"justify\"><strong>Klikem na logo Moduflex nad t\u00edmto textem si m\u016f\u017eete st\u00e1hnout prospekt (PDF, 700 kB)<\/strong>.<\/p>\n<p align=\"justify\">R\u00e1di V\u00e1m poskytneme v\u00edce inform\u00e1ci anebo zpracujeme nab\u00eddku.<\/p>\n<p><strong><a href=\"http:\/\/www.cimbria.com\/en-GB\/Home\/Solutions\/Conveying\/ProductDetails.aspx?GroupID=GROUP35\">Technick\u00e9 specifikace jednotliv\u00fdch typ\u016f, \u00a0referen\u010dn\u00ed listy n\u011bkter\u00fdch instalac\u00ed a dal\u0161\u00ed informace jsou k dispozici zde<\/a>.<\/strong><\/p>\n<p><img loading=\"lazy\" decoding=\"async\" style=\"margin-right: 40px; margin-bottom: 30px; margin-top: 30px;\" title=\"Moduflex hubica H300\" src=\"http:\/\/www.tempex.sk\/wp-content\/uploads\/2011\/09\/Moduflex1.png\" alt=\"Moduflex hubica H300\" width=\"227\" height=\"176\" align=\"left\" \/><\/p>\n<h2>BEZPE\u010cNOST A \u010cISTOTA OKOL\u00cd<\/h2>\n<p>Nakl\u00e1dka vo\u013ene lo\u017een\u00fdch v\u00fdrobkov je spojen\u00e1 s rizikom zne\u010distenia okolia prachom a neraz aj s nebezpe\u010denstvom v\u00fdbuchu. Tieto rizik\u00e1 negat\u00edvne vpl\u00fdvaj\u00fa na okolie, bezpe\u010dnos\u0165 pr\u00e1ce a prev\u00e1dzkov\u00e9 n\u00e1klady. Cimbria Bulk Products vyv\u00edja, vyr\u00e1ba a dod\u00e1va rie\u0161enia ktor\u00e9 umo\u017e\u0148uj\u00fa bezpra\u0161n\u00fa nakl\u00e1dku sypk\u00fdch v\u00fdrobkov. Nakladacie syst\u00e9my dod\u00e1vame od roku 1977 a dodan\u00edm vy\u0161e 10 000 tak\u00fdchto syst\u00e9mov pre r\u00f4zne odvetvia sme z\u00edskali rozsiahle sk\u00fasenosti, ktor\u00e9 vyu\u017e\u00edvame v prospech v\u0161etk\u00fdch na\u0161ich z\u00e1kazn\u00edkov.<\/p>\n<p><img loading=\"lazy\" decoding=\"async\" style=\"margin-right: 40px; margin-bottom: 0px; margin-top: 30px;\" title=\"Moduflex hubica hrdlo\" src=\"http:\/\/www.tempex.sk\/wp-content\/uploads\/2011\/09\/Moduflex2.png\" alt=\"Moduflex hubica hrdlo\" width=\"227\" height=\"176\" align=\"left\" \/><\/p>\n<h2>MODULOV\u00c1 STRUKTURA \u2013 TYPICK\u00dd RYS MODUFLEXU<\/h2>\n<p>Modulov\u00e1 \u0161trukt\u00fara je unik\u00e1tnou charakteristikou na\u0161ich strojov. To znamen\u00e1, \u017ee u\u017e\u00edvate\u013e v\u017edy dostane rie\u0161enie presne zodpovedaj\u00face jeho potrebe. Ale je to aj mo\u017enos\u0165 flexibiln\u00fdch modifik\u00e1ci\u00ed a opr\u00e1v nakladacej hubice bez potreby dlh\u0161ej odst\u00e1vky. \u0160etria sa tak nielen n\u00e1klady na \u00fadr\u017ebu ale aj minimalizuj\u00fa mo\u017en\u00e9 \u010fal\u0161ie straty.<\/p>\n<p><img loading=\"lazy\" decoding=\"async\" style=\"margin-right: 40px; margin-bottom: 0px; margin-top: 10px;\" title=\"Moduflex hubica prierez\" src=\"http:\/\/www.tempex.sk\/wp-content\/uploads\/2011\/09\/Moduflex3.png\" alt=\"Moduflex hubica prierez\" width=\"227\" height=\"176\" align=\"left\" \/><\/p>\n<h2>FORMA A FUNKCE<\/h2>\n<p>Na\u0161e nakladacie hubice s\u00fa v\u010faka modulovej kon\u0161trukcii a dynamick\u00e9mu dizajnu ve\u013emi funk\u010dn\u00e9 a spo\u013eahliv\u00e9. Nakladacie hubice Moduflex v sebe kombinuj\u00fa dizajn, funk\u010dnos\u0165 a technol\u00f3giu. Sp\u013a\u0148aj\u00fa podmienky aktu\u00e1lnych predpisov pre zaistenie bezpe\u010dnosti pri pr\u00e1ci (Smernica pre stroje, Smernica Atex a in\u00e9).<\/p>\n<p><img loading=\"lazy\" decoding=\"async\" style=\"margin-right: 40px; margin-bottom: 220px; margin-top: 90px;\" title=\"Moduflex\" src=\"http:\/\/www.tempex.sk\/wp-content\/uploads\/2011\/09\/Moduflex4.png\" alt=\"Moduflex\" width=\"227\" height=\"176\" align=\"left\" \/><\/p>\n<h2>Z\u00c1KLADN\u00cd TYPY HUBIC MODUFLEX<\/h2>\n<p><strong>C300<\/strong> &#8211; \u013eahk\u00e1 hubica, vhodn\u00e1 pre menej pra\u0161n\u00e9 materi\u00e1ly,<\/p>\n<p><strong>S300, S400, S500<\/strong> &#8211; z\u00e1kladn\u00fd typ hub\u00edc pre \u0161irok\u00e9 pou\u017eitie,<\/p>\n<p><strong>H300<\/strong> &#8211; hubica do n\u00e1ro\u010dn\u00fdch podmienok,<\/p>\n<p><strong>F300<\/strong> &#8211; hubica s integrovan\u00fdm filtrom &#8211; z\u00e1kladn\u00e1 verzia,<\/p>\n<p><strong>D300<\/strong> &#8211; hubica s kompaktn\u00fdm integrovan\u00fdm filtrom do n\u00e1ro\u010dn\u00fdch podmienok,<\/p>\n<p><strong>K300, K400<\/strong> &#8211; hubice s extern\u00fdm integrovan\u00fdm filtrom,<\/p>\n<p><strong>N300<\/strong> &#8211; hubica s extern\u00fdm integrovan\u00fdm filtrom do n\u00e1ro\u010dn\u00fdch podmienok,<\/p>\n<p><strong>T250<\/strong>&#8211; teleskopisk\u00e1 hubica,<\/p>\n<p><strong>V300 &#8230; V1200<\/strong> &#8211; na mieru vyr\u00e1ban\u00e9 hubice. Hubice s\u00fa zostaven\u00e9 na mieru z r\u00f4znych komponentov a volite\u013en\u00fdch doplnkov, k dispoz\u00edcii s\u00fa tak tis\u00edce mo\u017en\u00fdch kombin\u00e1ci\u00ed.<\/p>\n<p><img loading=\"lazy\" decoding=\"async\" style=\"margin-right: 40px; margin-bottom: 0px; margin-top: 25px;\" title=\"Moduflex nakladka\" src=\"http:\/\/www.tempex.sk\/wp-content\/uploads\/2011\/09\/Moduflex5.png\" alt=\"Moduflex nakladka\" width=\"230\" height=\"190\" align=\"left\" \/><\/p>\n<h2>PODPORA A SERVIS<\/h2>\n<p>Ve\u013ek\u00fd d\u00f4raz kladieme na to, aby z\u00e1kazn\u00edk dostal spr\u00e1vne inform\u00e1cie na to aby si mohol vybra\u0165 dobr\u00e9 rie\u0161enie po str\u00e1nke technickej i finan\u010dnej. N\u00e1\u0161 z\u00e1kazn\u00edk si naviac m\u00f4\u017ee by\u0165 ist\u00fd, \u017ee v\u00fdrobok bol pred exped\u00edciou k nemu d\u00f4kladne presk\u00fa\u0161an\u00fd a m\u00e1 kompletn\u00fa dokument\u00e1ciu. V\u0161etky \u0161tandartn\u00e9 s\u00fa\u010diastky s\u00fa v\u017edy na sklade \u010do n\u00e1m umo\u017e\u0148uje garantova\u0165 r\u00fdchly a spo\u013eahliv\u00fd servis.<\/p>","protected":false},"excerpt":{"rendered":"<p>V\u00fdhradn\u00ed zastoupen\u00ed v\u00fdrobce Cimbria Unigrain A\/S pro \u010ceskou republiku a Slovensko Hubice Moduflex se vyr\u00e1b\u011bj\u00ed od roku 1977 a mnoh\u00e9 technick\u00e9 detaily sa stali ji\u017e obecn\u00fdm standardem . Vyroben\u00fdch bylo t\u00e9m\u011b\u0159 17000 hub\u00edc v r\u016fzn\u00fdch proveden\u00edch. S v\u00fdb\u011brem t\u00e9 spr\u00e1vn\u00e9 hubice v\u00e1m r\u00e1di pom\u016f\u017eeme, sta\u010d\u00ed \u00a0kdy\u017e n\u00e1m zavol\u00e1te nebo mailem za\u0161lete po\u017eadavek. Jsme v\u00fdhradn\u00edm z\u00e1stupcem [&hellip;]<\/p>\n","protected":false},"author":1,"featured_media":0,"parent":9,"menu_order":3,"comment_status":"open","ping_status":"open","template":"","meta":{"_monsterinsights_skip_tracking":false,"_monsterinsights_sitenote_active":false,"_monsterinsights_sitenote_note":"","_monsterinsights_sitenote_category":0,"footnotes":""},"class_list":["post-51","page","type-page","status-publish","hentry"],"_links":{"self":[{"href":"https:\/\/www.tempex.sk\/cz\/wp-json\/wp\/v2\/pages\/51","targetHints":{"allow":["GET"]}}],"collection":[{"href":"https:\/\/www.tempex.sk\/cz\/wp-json\/wp\/v2\/pages"}],"about":[{"href":"https:\/\/www.tempex.sk\/cz\/wp-json\/wp\/v2\/types\/page"}],"author":[{"embeddable":true,"href":"https:\/\/www.tempex.sk\/cz\/wp-json\/wp\/v2\/users\/1"}],"replies":[{"embeddable":true,"href":"https:\/\/www.tempex.sk\/cz\/wp-json\/wp\/v2\/comments?post=51"}],"version-history":[{"count":145,"href":"https:\/\/www.tempex.sk\/cz\/wp-json\/wp\/v2\/pages\/51\/revisions"}],"predecessor-version":[{"id":10819,"href":"https:\/\/www.tempex.sk\/cz\/wp-json\/wp\/v2\/pages\/51\/revisions\/10819"}],"up":[{"embeddable":true,"href":"https:\/\/www.tempex.sk\/cz\/wp-json\/wp\/v2\/pages\/9"}],"wp:attachment":[{"href":"https:\/\/www.tempex.sk\/cz\/wp-json\/wp\/v2\/media?parent=51"}],"curies":[{"name":"wp","href":"https:\/\/api.w.org\/{rel}","templated":true}]}}