{"id":49,"date":"2011-08-27T10:52:58","date_gmt":"2011-08-27T10:52:58","guid":{"rendered":"http:\/\/tempex.yomio.eu\/?page_id=49"},"modified":"2013-05-13T11:07:44","modified_gmt":"2013-05-13T09:07:44","slug":"baliace-linky","status":"publish","type":"page","link":"https:\/\/www.tempex.sk\/cz\/technologie\/baliace-linky","title":{"rendered":"Balen\u00ed sypk\u00fdch v\u00fdrobk\u016f"},"content":{"rendered":"<p><strong>Pro balen\u00ed sypk\u00fdch v\u00fdrobk\u016f jako mouka, cukr, osiva, krmiva, cement, maltov\u00e9 sm\u011bsi, um\u011bl\u00e1 hnojiva, chemik\u00e1lie a jin\u00e9 nab\u00edz\u00edme pytlovac\u00ed stroje a kompletn\u00ed pytlovac\u00ed linky na kl\u00ed\u010d. Pro men\u0161\u00ed v\u00fdkony nab\u00edz\u00edme i \u0159e\u0161en\u00ed vyr\u00e1b\u011bn\u00e9 na m\u00edru, dod\u00e1vame v\u0161ak i komplexn\u00ed automatick\u00e9 \u00a0\u0159e\u0161en\u00ed bal\u00edren s vysok\u00fdm v\u00fdkonem.<\/strong><\/p>\n<p>V na\u0161\u00ed nab\u00eddce jsou:<\/p>\n<ul>\n<li><strong>stroje a linky pro balen\u00ed sypk\u00fdch v\u00fdrobk\u016f do p\u0159edhotoven\u00fdch pap\u00edrov\u00fdch pytl\u00edk\u016f<\/strong>. Standardn\u00ed rozsah d\u00e1vky od 500 g do 2 kg, v\u00fdkonov\u00e1 \u0159ada stroj\u00fa je 20, 40, 70, 100 balen\u00ed\/min. \u00a0Tyto bal\u00edc\u00ed stroje jsou p\u0159ednostn\u011b ur\u010deny pro spot\u0159ebitelsk\u00e9 balen\u00ed mouky, cukru a podobn\u00fdch v\u00fdrobk\u016f. \u00a0Linky m\u016f\u017eou b\u00fdt dod\u00e1ny s r\u016fzn\u00fdmi dopl\u0148ky jako jsou: skupinov\u00e9 balen\u00ed, kontroln\u00ed v\u00e1ha s funkc\u00ed zp\u011btn\u00e9 regulace d\u00e1vkov\u00e1n\u00ed a vy\u0159azen\u00ed pytle s hmotnost\u00ed mimo tolerance, detektor kov\u016f, zna\u010den\u00ed k\u00f3dem, paletizace (klasick\u00fd paletiz\u00e1tor nebo robotick\u00fd paletiz\u00e1tor), fixace tovaru na palet\u011b a jin\u00e9. Paletizov\u00e1ny mohou b\u00fdt podle po\u017eadavku bal\u00edky skupinov\u00e9ho balen\u00ed nebo jednotliv\u00e9 pytl\u00edky.<\/li>\n<\/ul>\n<ul>\n<li><strong>stroje a linky pro balen\u00ed sypk\u00fdch v\u00fdrobk\u016f do hotov\u00fdch pytl\u016f<\/strong> a jin\u00fdch obal\u016f. Standardn\u00ed rozsah d\u00e1vky od 5kg do 50 kg, v\u00fdkon od 60 balen\u00ed\/h a\u017e po v\u00edce ne\u017e 1200 balen\u00ed\/h. Pytle m\u016f\u017eou b\u00fdt z r\u016fzn\u00e9ho materi\u00e1lu (pap\u00edr, polyetylen, polypropylenov\u00e1 tkanina a pod.). Stroje a linky jsou ur\u010deny pro pln\u011bn\u00ed otev\u0159en\u00fdch pytl\u016f nebo pytl\u016f s ventilem. Linky m\u016f\u017eou b\u00fdt dod\u00e1ny s r\u016fzn\u00fdmi dopl\u0148ky jako kontroln\u00ed v\u00e1ha s funkc\u00ed zp\u011btn\u00e9 regulace d\u00e1vkov\u00e1n\u00ed a vy\u0159azen\u00ed pytle s hmotnost\u00ed mimo tolerance, detektor kov\u016f, zna\u010den\u00ed k\u00f3dem, paletizace (klasick\u00fd paletiz\u00e1tor nebo robotick\u00fd paletiz\u00e1tor), fixace tovaru na palet\u011b a jin\u00e9.<\/li>\n<\/ul>\n<ul>\n<li><strong>stroje a linky pro balen\u00ed sypk\u00fdch v\u00fdrobk\u016f do pytl\u016f<\/strong>\u00a0<strong> tvo\u0159en\u00fdch z folie p\u0159\u00edmo strojem<\/strong>. I tyto stroje m\u016f\u017eou b\u00fdt sestaveny do linky a m\u016f\u017eou b\u00fdt dod\u00e1ny s r\u016fzn\u00fdmi dopl\u0148ky jako kontroln\u00ed v\u00e1ha s funkc\u00ed zp\u011btn\u00e9 regulace d\u00e1vkov\u00e1n\u00ed a vy\u0159azen\u00ed pytle s hmotnost\u00ed mimo tolerance, detektor kov\u016f, zna\u010den\u00ed k\u00f3dem, paletizace (klasick\u00fd paletiz\u00e1tor nebo robotick\u00fd paletiz\u00e1tor), fixace tovaru na palet\u011b a jin\u00e9.<\/li>\n<\/ul>\n<ul>\n<li>plni\u010dky velkoojemov\u00fdch vak\u016f (big bag),<\/li>\n<li>paletiza\u010dn\u00ed linky s klasick\u00fdm paletiz\u00e1torem nebo s paletiza\u010dn\u00edm robotem + fixace tovaru na palet\u011b.<\/li>\n<li>technologick\u00e9 v\u00e1hy pro sypk\u00e9 materi\u00e1ly,<\/li>\n<li>na m\u00edru vyr\u00e1b\u011bn\u00e9 technologick\u00e9 v\u00e1\u017e\u00edc\u00ed syst\u00e9my (v\u00e1\u017een\u00ed z\u00e1sobn\u00edk\u016f)<\/li>\n<li>stroje pro vakuov\u00e9 balen\u00ed kusov\u00fdch v\u00fdrobk\u016f &#8211; komorov\u00e9 nebo li\u0161tov\u00e9 + pr\u00edslu\u0161enstv\u00ed.<\/li>\n<p>&nbsp;<br \/>\n&nbsp;\n<\/ul>\n<p>&nbsp;<br \/>\n<a href=\"http:\/\/www.tempex.sk\/skuska\/wp-content\/uploads\/2011\/09\/vrecovanie1_full.png\"><img loading=\"lazy\" decoding=\"async\" style=\"margin-left: 15px;\" title=\"Vrecovanie\" src=\"http:\/\/www.tempex.sk\/wp-content\/uploads\/2011\/09\/vrecovanie1.png\" alt=\"Vrecovanie\" width=\"255\" height=\"160\" align=\"right\" \/><\/a><\/p>\n<p align=\"justify\">Od roku 1992 jsme dodali n\u011bkolik des\u00edtek stroj\u016f a kompletn\u00edch linek na balen\u00ed r\u016fznych v\u00fdrobk\u016f do r\u016fzn\u00fdch obal\u016f. \u00a0V\u0161echny komponenty linky navz\u00e1jem komunikuj\u00ed a jsou vybaveny stejn\u00fdmi komponenty, co ocen\u00edte i p\u0159i \u00fadr\u017eb\u011b. Nab\u00edz\u00edme rovn\u011b\u017e \u010dasov\u011b a cenov\u011b dostupn\u00fd servis a dod\u00e1vky origin\u00e1ln\u00edch n\u00e1hradn\u00edch d\u00edl\u016f.<\/p>\n<p>&nbsp;<br \/>\n&nbsp;<\/p>\n<p align=\"justify\"><strong>Pro zpracov\u00e1n\u00ed konkr\u00e9tn\u00ed nab\u00eddky pot\u0159ebujeme poznat \u00fadaje jako:<\/strong><\/p>\n<ul>\n<li>z\u00e1kladn\u00ed informace o balen\u00e9m v\u00fdrobku,<\/li>\n<li>po\u017eadovan\u00fd v\u00fdkon (nap\u0159. t\/h),<\/li>\n<li>po\u017eadovan\u00fd rozsah d\u00e1vky v obalu (nap\u0159. 25 &#8211; 50 kg)<\/li>\n<li>typ obalu,<\/li>\n<li>informace o fyzik\u00e1ln\u00edch vlastnostech balen\u00e9ho v\u00fdrobku,<\/li>\n<li>rozsah automatizace (minim\u00e1ln\u00ed, poloautomatick\u00e1, p\u0159\u00edpadn\u011b pln\u011b automatick\u00e1 linka),<\/li>\n<li>m\u016f\u017eete uv\u00e9st i jin\u00e9 informace, ktor\u00e9 pova\u017eujete za d\u016fle\u017eit\u00e9.<\/li>\n<\/ul>\n<p>&nbsp;<\/p>","protected":false},"excerpt":{"rendered":"<p>Pro balen\u00ed sypk\u00fdch v\u00fdrobk\u016f jako mouka, cukr, osiva, krmiva, cement, maltov\u00e9 sm\u011bsi, um\u011bl\u00e1 hnojiva, chemik\u00e1lie a jin\u00e9 nab\u00edz\u00edme pytlovac\u00ed stroje a kompletn\u00ed pytlovac\u00ed linky na kl\u00ed\u010d. Pro men\u0161\u00ed v\u00fdkony nab\u00edz\u00edme i \u0159e\u0161en\u00ed vyr\u00e1b\u011bn\u00e9 na m\u00edru, dod\u00e1vame v\u0161ak i komplexn\u00ed automatick\u00e9 \u00a0\u0159e\u0161en\u00ed bal\u00edren s vysok\u00fdm v\u00fdkonem. V na\u0161\u00ed nab\u00eddce jsou: stroje a linky pro balen\u00ed sypk\u00fdch [&hellip;]<\/p>\n","protected":false},"author":1,"featured_media":0,"parent":9,"menu_order":1,"comment_status":"open","ping_status":"open","template":"","meta":{"_monsterinsights_skip_tracking":false,"_monsterinsights_sitenote_active":false,"_monsterinsights_sitenote_note":"","_monsterinsights_sitenote_category":0,"footnotes":""},"class_list":["post-49","page","type-page","status-publish","hentry"],"_links":{"self":[{"href":"https:\/\/www.tempex.sk\/cz\/wp-json\/wp\/v2\/pages\/49","targetHints":{"allow":["GET"]}}],"collection":[{"href":"https:\/\/www.tempex.sk\/cz\/wp-json\/wp\/v2\/pages"}],"about":[{"href":"https:\/\/www.tempex.sk\/cz\/wp-json\/wp\/v2\/types\/page"}],"author":[{"embeddable":true,"href":"https:\/\/www.tempex.sk\/cz\/wp-json\/wp\/v2\/users\/1"}],"replies":[{"embeddable":true,"href":"https:\/\/www.tempex.sk\/cz\/wp-json\/wp\/v2\/comments?post=49"}],"version-history":[{"count":39,"href":"https:\/\/www.tempex.sk\/cz\/wp-json\/wp\/v2\/pages\/49\/revisions"}],"predecessor-version":[{"id":1792,"href":"https:\/\/www.tempex.sk\/cz\/wp-json\/wp\/v2\/pages\/49\/revisions\/1792"}],"up":[{"embeddable":true,"href":"https:\/\/www.tempex.sk\/cz\/wp-json\/wp\/v2\/pages\/9"}],"wp:attachment":[{"href":"https:\/\/www.tempex.sk\/cz\/wp-json\/wp\/v2\/media?parent=49"}],"curies":[{"name":"wp","href":"https:\/\/api.w.org\/{rel}","templated":true}]}}