{"id":17,"date":"2011-08-17T17:46:02","date_gmt":"2011-08-17T17:46:02","guid":{"rendered":"http:\/\/tempex.sk.loc\/?page_id=17"},"modified":"2021-12-15T19:43:15","modified_gmt":"2021-12-15T17:43:15","slug":"kontakt","status":"publish","type":"page","link":"https:\/\/www.tempex.sk\/cz\/kontakt","title":{"rendered":"Kontakt"},"content":{"rendered":"<p><strong>TEMPEX s.r.o. <\/strong><br \/>\nKuku\u010d\u00ednova 13<br \/>\n921 01 Pie\u0161\u0165any<br \/>\nSlovensko<br \/>\ntel: +421 33 7721767<br \/>\nHOT LINE: +421 948 007093<br \/>\ne-mail: tempex@tempex.sk<br \/>\npond\u011bl\u00ed &#8211; p\u00e1tek: 8.00 &#8211; 15.00<br \/>\nGPS: N48.591029, E17.832916<\/p>\n<h3><\/h3>\n<p>Kontaktov\u00e1n\u00edm TEMPEX s.r.o. souhlas\u00edte s poskytnut\u00edm Va\u0161ich \u00fadaj\u016f z tohoto kontaktu pre pot\u0159eby vybaven\u00ed Va\u0161eho po\u017eadavku. V\u00e1mi poskytnut\u00e9 \u00fadaje nebudou pou\u017eity na jin\u00e9 \u00fa\u010dely, ani nebudou poskytnuty t\u0159et\u00edm osob\u00e1m.<\/p>\n<p><a href=\"https:\/\/www.tempex.sk\/wp-content\/uploads\/2021\/12\/Zarucne-podmienky.pdf\"><strong>Obecn\u00ed podm\u00ednky z\u00e1ruky<\/strong><\/a><\/p>","protected":false},"excerpt":{"rendered":"<p>TEMPEX s.r.o. Kuku\u010d\u00ednova 13 921 01 Pie\u0161\u0165any Slovensko tel: +421 33 7721767 HOT LINE: +421 948 007093 e-mail: tempex@tempex.sk pond\u011bl\u00ed &#8211; p\u00e1tek: 8.00 &#8211; 15.00 GPS: N48.591029, E17.832916 Kontaktov\u00e1n\u00edm TEMPEX s.r.o. souhlas\u00edte s poskytnut\u00edm Va\u0161ich \u00fadaj\u016f z tohoto kontaktu pre pot\u0159eby vybaven\u00ed Va\u0161eho po\u017eadavku. V\u00e1mi poskytnut\u00e9 \u00fadaje nebudou pou\u017eity na jin\u00e9 \u00fa\u010dely, ani nebudou poskytnuty [&hellip;]<\/p>\n","protected":false},"author":1,"featured_media":0,"parent":0,"menu_order":5,"comment_status":"open","ping_status":"closed","template":"","meta":{"_monsterinsights_skip_tracking":false,"_monsterinsights_sitenote_active":false,"_monsterinsights_sitenote_note":"","_monsterinsights_sitenote_category":0,"footnotes":""},"class_list":["post-17","page","type-page","status-publish","hentry"],"_links":{"self":[{"href":"https:\/\/www.tempex.sk\/cz\/wp-json\/wp\/v2\/pages\/17","targetHints":{"allow":["GET"]}}],"collection":[{"href":"https:\/\/www.tempex.sk\/cz\/wp-json\/wp\/v2\/pages"}],"about":[{"href":"https:\/\/www.tempex.sk\/cz\/wp-json\/wp\/v2\/types\/page"}],"author":[{"embeddable":true,"href":"https:\/\/www.tempex.sk\/cz\/wp-json\/wp\/v2\/users\/1"}],"replies":[{"embeddable":true,"href":"https:\/\/www.tempex.sk\/cz\/wp-json\/wp\/v2\/comments?post=17"}],"version-history":[{"count":57,"href":"https:\/\/www.tempex.sk\/cz\/wp-json\/wp\/v2\/pages\/17\/revisions"}],"predecessor-version":[{"id":10786,"href":"https:\/\/www.tempex.sk\/cz\/wp-json\/wp\/v2\/pages\/17\/revisions\/10786"}],"wp:attachment":[{"href":"https:\/\/www.tempex.sk\/cz\/wp-json\/wp\/v2\/media?parent=17"}],"curies":[{"name":"wp","href":"https:\/\/api.w.org\/{rel}","templated":true}]}}