{"id":1532,"date":"2013-05-13T10:54:58","date_gmt":"2013-05-13T08:54:58","guid":{"rendered":"http:\/\/www.tempex.sk\/?page_id=1532"},"modified":"2013-10-28T10:49:18","modified_gmt":"2013-10-28T08:49:18","slug":"komorove-vakuove-baliace-stroje-na-kolieskach","status":"publish","type":"page","link":"https:\/\/www.tempex.sk\/cz\/technologie\/baliace-linky\/vakuove-baliace-stroje\/komorove-vakuove-baliace-stroje-na-kolieskach","title":{"rendered":"Komorov\u00e9 v\u00e1kuov\u00e9 bal\u00edc\u00ed stroje na kole\u010dk\u00e1ch"},"content":{"rendered":"<p class=\"qtranxs-available-languages-message qtranxs-available-languages-message-cz\">T\u00e1to sekcia str\u00e1nky nieje dostupn\u00e1 v po\u017eadovanom jazyku.<\/p>","protected":false},"excerpt":{"rendered":"<p>T\u00e1to sekcia str\u00e1nky nieje dostupn\u00e1 v po\u017eadovanom jazyku.<\/p>\n","protected":false},"author":1,"featured_media":0,"parent":109,"menu_order":2,"comment_status":"open","ping_status":"open","template":"","meta":{"_monsterinsights_skip_tracking":false,"_monsterinsights_sitenote_active":false,"_monsterinsights_sitenote_note":"","_monsterinsights_sitenote_category":0,"footnotes":""},"class_list":["post-1532","page","type-page","status-publish","hentry"],"_links":{"self":[{"href":"https:\/\/www.tempex.sk\/cz\/wp-json\/wp\/v2\/pages\/1532","targetHints":{"allow":["GET"]}}],"collection":[{"href":"https:\/\/www.tempex.sk\/cz\/wp-json\/wp\/v2\/pages"}],"about":[{"href":"https:\/\/www.tempex.sk\/cz\/wp-json\/wp\/v2\/types\/page"}],"author":[{"embeddable":true,"href":"https:\/\/www.tempex.sk\/cz\/wp-json\/wp\/v2\/users\/1"}],"replies":[{"embeddable":true,"href":"https:\/\/www.tempex.sk\/cz\/wp-json\/wp\/v2\/comments?post=1532"}],"version-history":[{"count":8,"href":"https:\/\/www.tempex.sk\/cz\/wp-json\/wp\/v2\/pages\/1532\/revisions"}],"predecessor-version":[{"id":1705,"href":"https:\/\/www.tempex.sk\/cz\/wp-json\/wp\/v2\/pages\/1532\/revisions\/1705"}],"up":[{"embeddable":true,"href":"https:\/\/www.tempex.sk\/cz\/wp-json\/wp\/v2\/pages\/109"}],"wp:attachment":[{"href":"https:\/\/www.tempex.sk\/cz\/wp-json\/wp\/v2\/media?parent=1532"}],"curies":[{"name":"wp","href":"https:\/\/api.w.org\/{rel}","templated":true}]}}