{"id":1530,"date":"2013-05-13T10:50:06","date_gmt":"2013-05-13T08:50:06","guid":{"rendered":"http:\/\/www.tempex.sk\/?page_id=1530"},"modified":"2013-10-28T12:23:18","modified_gmt":"2013-10-28T10:23:18","slug":"komorove-vakuove-baliace-stroje","status":"publish","type":"page","link":"https:\/\/www.tempex.sk\/cz\/technologie\/baliace-linky\/vakuove-baliace-stroje\/komorove-vakuove-baliace-stroje","title":{"rendered":"Komorov\u00e9 v\u00e1kuov\u00e9 bal\u00edc\u00ed stroje"},"content":{"rendered":"<p class=\"qtranxs-available-languages-message qtranxs-available-languages-message-cz\">T\u00e1to sekcia str\u00e1nky nieje dostupn\u00e1 v po\u017eadovanom jazyku.<\/p>","protected":false},"excerpt":{"rendered":"<p>T\u00e1to sekcia str\u00e1nky nieje dostupn\u00e1 v po\u017eadovanom jazyku.<\/p>\n","protected":false},"author":1,"featured_media":0,"parent":109,"menu_order":1,"comment_status":"open","ping_status":"open","template":"","meta":{"_monsterinsights_skip_tracking":false,"_monsterinsights_sitenote_active":false,"_monsterinsights_sitenote_note":"","_monsterinsights_sitenote_category":0,"footnotes":""},"class_list":["post-1530","page","type-page","status-publish","hentry"],"_links":{"self":[{"href":"https:\/\/www.tempex.sk\/cz\/wp-json\/wp\/v2\/pages\/1530","targetHints":{"allow":["GET"]}}],"collection":[{"href":"https:\/\/www.tempex.sk\/cz\/wp-json\/wp\/v2\/pages"}],"about":[{"href":"https:\/\/www.tempex.sk\/cz\/wp-json\/wp\/v2\/types\/page"}],"author":[{"embeddable":true,"href":"https:\/\/www.tempex.sk\/cz\/wp-json\/wp\/v2\/users\/1"}],"replies":[{"embeddable":true,"href":"https:\/\/www.tempex.sk\/cz\/wp-json\/wp\/v2\/comments?post=1530"}],"version-history":[{"count":12,"href":"https:\/\/www.tempex.sk\/cz\/wp-json\/wp\/v2\/pages\/1530\/revisions"}],"predecessor-version":[{"id":1693,"href":"https:\/\/www.tempex.sk\/cz\/wp-json\/wp\/v2\/pages\/1530\/revisions\/1693"}],"up":[{"embeddable":true,"href":"https:\/\/www.tempex.sk\/cz\/wp-json\/wp\/v2\/pages\/109"}],"wp:attachment":[{"href":"https:\/\/www.tempex.sk\/cz\/wp-json\/wp\/v2\/media?parent=1530"}],"curies":[{"name":"wp","href":"https:\/\/api.w.org\/{rel}","templated":true}]}}