{"id":1389,"date":"2013-02-08T00:12:01","date_gmt":"2013-02-07T22:12:01","guid":{"rendered":"http:\/\/www.tempex.sk\/?page_id=1389"},"modified":"2014-05-12T11:02:38","modified_gmt":"2014-05-12T09:02:38","slug":"ryza","status":"publish","type":"page","link":"https:\/\/www.tempex.sk\/cz\/technologie\/spracovanie-obilnin\/druhy-obilnin\/ryza","title":{"rendered":"Ry\u017ea"},"content":{"rendered":"<p><strong>Ry\u017ea siata<\/strong> (Oriza sativa L.)\u00a0je typickou obilninou subtropick\u00fdch a tropick\u00fdch oblast\u00ed. Pestuje sa mnoho kultivarov, zjednodu\u0161ene rozdelen\u00fdch na tzv.bahenn\u00e9 a horsk\u00e9 druhy. Poch\u00e1dza z juhov\u00fdchodnej \u00c1zie, v Eur\u00f3pe sa v men\u0161om mno\u017estve pestuje v ju\u017en\u00fdch krajin\u00e1ch. Obsahuje ve\u013ea \u0161krobu a pomerne m\u00e1lo bielkov\u00edn.\u00a0L\u00fapan\u00e1 ry\u017ea, zbaven\u00e1 povrchov\u00fdch vrstiev je zbaven\u00e1 v\u00e4\u010d\u0161iny nutri\u010dne hodnotn\u00fdch l\u00e1tok (napr\u00edklad vitam\u00edn B1), dnes s\u00fa v\u0161ak dostupn\u00e9 aj v\u00fd\u017eivovo hodnotnej\u0161ie ry\u017eov\u00e9 v\u00fdrobky. Ry\u017eu mo\u017eno mlie\u0165 na m\u00faku, krupicu a vyr\u00e1ba sa z nej aj jemn\u00fd p\u00fader.<\/p>\n","protected":false},"excerpt":{"rendered":"<p>Ry\u017ea siata (Oriza sativa L.)\u00a0je typickou obilninou subtropick\u00fdch a tropick\u00fdch oblast\u00ed. Pestuje sa mnoho kultivarov, zjednodu\u0161ene rozdelen\u00fdch na tzv.bahenn\u00e9 a horsk\u00e9 druhy. Poch\u00e1dza z juhov\u00fdchodnej \u00c1zie, v Eur\u00f3pe sa v men\u0161om mno\u017estve pestuje v ju\u017en\u00fdch krajin\u00e1ch. Obsahuje ve\u013ea \u0161krobu a pomerne m\u00e1lo bielkov\u00edn.\u00a0L\u00fapan\u00e1 ry\u017ea, zbaven\u00e1 povrchov\u00fdch vrstiev je zbaven\u00e1 v\u00e4\u010d\u0161iny nutri\u010dne hodnotn\u00fdch l\u00e1tok (napr\u00edklad vitam\u00edn [&hellip;]<\/p>\n","protected":false},"author":1,"featured_media":0,"parent":1381,"menu_order":4,"comment_status":"open","ping_status":"open","template":"","meta":{"_monsterinsights_skip_tracking":false,"_monsterinsights_sitenote_active":false,"_monsterinsights_sitenote_note":"","_monsterinsights_sitenote_category":0,"footnotes":""},"class_list":["post-1389","page","type-page","status-publish","hentry"],"_links":{"self":[{"href":"https:\/\/www.tempex.sk\/cz\/wp-json\/wp\/v2\/pages\/1389","targetHints":{"allow":["GET"]}}],"collection":[{"href":"https:\/\/www.tempex.sk\/cz\/wp-json\/wp\/v2\/pages"}],"about":[{"href":"https:\/\/www.tempex.sk\/cz\/wp-json\/wp\/v2\/types\/page"}],"author":[{"embeddable":true,"href":"https:\/\/www.tempex.sk\/cz\/wp-json\/wp\/v2\/users\/1"}],"replies":[{"embeddable":true,"href":"https:\/\/www.tempex.sk\/cz\/wp-json\/wp\/v2\/comments?post=1389"}],"version-history":[{"count":3,"href":"https:\/\/www.tempex.sk\/cz\/wp-json\/wp\/v2\/pages\/1389\/revisions"}],"predecessor-version":[{"id":1970,"href":"https:\/\/www.tempex.sk\/cz\/wp-json\/wp\/v2\/pages\/1389\/revisions\/1970"}],"up":[{"embeddable":true,"href":"https:\/\/www.tempex.sk\/cz\/wp-json\/wp\/v2\/pages\/1381"}],"wp:attachment":[{"href":"https:\/\/www.tempex.sk\/cz\/wp-json\/wp\/v2\/media?parent=1389"}],"curies":[{"name":"wp","href":"https:\/\/api.w.org\/{rel}","templated":true}]}}