{"id":122,"date":"2011-09-21T13:47:33","date_gmt":"2011-09-21T13:47:33","guid":{"rendered":"http:\/\/tempex.yomio.eu\/?page_id=122"},"modified":"2011-10-28T13:57:56","modified_gmt":"2011-10-28T11:57:56","slug":"dotykove-terminaly","status":"publish","type":"page","link":"https:\/\/www.tempex.sk\/cz\/komponenty\/hmi\/dotykove-terminaly","title":{"rendered":"(Slovensky) Dotykov\u00e9 termin\u00e1ly"},"content":{"rendered":"<p class=\"qtranxs-available-languages-message qtranxs-available-languages-message-cz\">T\u00e1to sekcia str\u00e1nky nieje dostupn\u00e1 v po\u017eadovanom jazyku.<\/p>","protected":false},"excerpt":{"rendered":"<p>T\u00e1to sekcia str\u00e1nky nieje dostupn\u00e1 v po\u017eadovanom jazyku.<\/p>\n","protected":false},"author":1,"featured_media":0,"parent":29,"menu_order":0,"comment_status":"open","ping_status":"open","template":"","meta":{"_monsterinsights_skip_tracking":false,"_monsterinsights_sitenote_active":false,"_monsterinsights_sitenote_note":"","_monsterinsights_sitenote_category":0,"footnotes":""},"class_list":["post-122","page","type-page","status-publish","hentry"],"_links":{"self":[{"href":"https:\/\/www.tempex.sk\/cz\/wp-json\/wp\/v2\/pages\/122","targetHints":{"allow":["GET"]}}],"collection":[{"href":"https:\/\/www.tempex.sk\/cz\/wp-json\/wp\/v2\/pages"}],"about":[{"href":"https:\/\/www.tempex.sk\/cz\/wp-json\/wp\/v2\/types\/page"}],"author":[{"embeddable":true,"href":"https:\/\/www.tempex.sk\/cz\/wp-json\/wp\/v2\/users\/1"}],"replies":[{"embeddable":true,"href":"https:\/\/www.tempex.sk\/cz\/wp-json\/wp\/v2\/comments?post=122"}],"version-history":[{"count":36,"href":"https:\/\/www.tempex.sk\/cz\/wp-json\/wp\/v2\/pages\/122\/revisions"}],"predecessor-version":[{"id":810,"href":"https:\/\/www.tempex.sk\/cz\/wp-json\/wp\/v2\/pages\/122\/revisions\/810"}],"up":[{"embeddable":true,"href":"https:\/\/www.tempex.sk\/cz\/wp-json\/wp\/v2\/pages\/29"}],"wp:attachment":[{"href":"https:\/\/www.tempex.sk\/cz\/wp-json\/wp\/v2\/media?parent=122"}],"curies":[{"name":"wp","href":"https:\/\/api.w.org\/{rel}","templated":true}]}}