{"id":120,"date":"2011-09-21T13:43:00","date_gmt":"2011-09-21T13:43:00","guid":{"rendered":"http:\/\/tempex.yomio.eu\/?page_id=120"},"modified":"2011-10-28T13:56:34","modified_gmt":"2011-10-28T11:56:34","slug":"graficke-terminaly","status":"publish","type":"page","link":"https:\/\/www.tempex.sk\/cz\/komponenty\/hmi\/graficke-terminaly","title":{"rendered":"(Slovensky) Grafick\u00e9 termin\u00e1ly"},"content":{"rendered":"<p><\/p>\n<h2>VT130W<\/h2>\n<p><a href=\"http:\/\/tempex.sk\/skuska\/wp-content\/uploads\/2011\/09\/VT130W_big.gif\"><img loading=\"lazy\" decoding=\"async\" style=\"margin-right: 30px;\" title=\"VT130W\" src=\"http:\/\/tempex.sk\/skuska\/wp-content\/uploads\/2011\/09\/VT130W.gif\" alt=\"ESA terminal VT130W\" width=\"112\" height=\"95\" align=\"left\" \/><\/a><\/p>\n<p><strong>STN LCD displej so 4 odtie\u0148mi modrej 160&#215;80 (3 palce)<br \/>\n25 tla\u010didiel<\/strong><br \/>\nImport grafiky, pohybliv\u00e9 grafick\u00e9 objekty, obr\u00e1zky vo v\u0161etk\u00fdch form\u00e1toch, v\u00fdstra\u017en\u00e9 hl\u00e1senia, pr\u00edstupov\u00e9 hesl\u00e1, matematick\u00e9 funkcie, simult\u00e1nny chod dvoch ovl\u00e1da\u010dov, s\u00e9riov\u00e1 alebo paraleln\u00e1 tla\u010d, integrovan\u00e1 CAN.<\/p>\n<p>\u010eal\u0161ie detaily a porovnanie grafick\u00fdch termin\u00e1lov: \u00a0<a href=\"http:\/\/www.tempex.sk\/skuska\/wp-content\/uploads\/2011\/09\/gterminaly.pdf\">Grafick\u00e9 termin\u00e1ly<img loading=\"lazy\" decoding=\"async\" class=\"alignnone size-full wp-image-179\" style=\"margin-bottom: 15px;\" title=\"Grafick\u00e9 termin\u00e1ly\" src=\"http:\/\/www.tempex.sk\/skuska\/wp-content\/uploads\/2011\/09\/pdf.jpg\" alt=\"Grafick\u00e9 termin\u00e1ly\" width=\"25\" height=\"25\" \/><\/a>\u00a0\u00a0(280 kB, PDF)<\/p>\n<h2>VT300W<\/h2>\n<p><a href=\"http:\/\/tempex.sk\/skuska\/wp-content\/uploads\/2011\/09\/VT300W_big.gif\"><img loading=\"lazy\" decoding=\"async\" style=\"margin-right: 30px;\" title=\"VT300W\" src=\"http:\/\/tempex.sk\/skuska\/wp-content\/uploads\/2011\/09\/VT300W.gif\" alt=\"ESA terminal VT300W\" width=\"112\" height=\"95\" align=\"left\" \/><\/a><\/p>\n<p><strong>Monochromatick\u00fd STN LCD displej 240&#215;64 (5,4 palca)<br \/>\n49 tla\u010didiel<\/strong><br \/>\nImport grafiky, pohybliv\u00e9 grafick\u00e9 objekty, obr\u00e1zky vo v\u0161etk\u00fdch form\u00e1toch, v\u00fdstra\u017en\u00e9 hl\u00e1senia, pr\u00edstupov\u00e9 hesl\u00e1, matematick\u00e9 funkcie, simult\u00e1nny chod dvoch ovl\u00e1da\u010dov, s\u00e9riov\u00e1 alebo paraleln\u00e1 tla\u010d, integrovan\u00e1 CAN.<\/p>\n<p>\u010eal\u0161ie detaily a porovnanie grafick\u00fdch termin\u00e1lov: \u00a0<a href=\"http:\/\/www.tempex.sk\/skuska\/wp-content\/uploads\/2011\/09\/gterminaly.pdf\">Grafick\u00e9 termin\u00e1ly<img loading=\"lazy\" decoding=\"async\" class=\"alignnone size-full wp-image-179\" style=\"margin-bottom: 15px;\" title=\"Grafick\u00e9 termin\u00e1ly\" src=\"http:\/\/www.tempex.sk\/skuska\/wp-content\/uploads\/2011\/09\/pdf.jpg\" alt=\"Grafick\u00e9 termin\u00e1ly\" width=\"25\" height=\"25\" \/><\/a>\u00a0\u00a0(280 kB, PDF)<\/p>\n<h2>VT310W<\/h2>\n<p><a href=\"http:\/\/tempex.sk\/skuska\/wp-content\/uploads\/2011\/09\/VT310W_big.gif\"><img loading=\"lazy\" decoding=\"async\" style=\"margin-right: 30px;\" title=\"VT310W\" src=\"http:\/\/tempex.sk\/skuska\/wp-content\/uploads\/2011\/09\/VT310W.gif\" alt=\"ESA terminal VT310W\" width=\"112\" height=\"95\" align=\"left\" \/><\/a><\/p>\n<p><strong>Monochromatick\u00fd STN LCD displej 240&#215;128 (5,5 palca)<br \/>\n46 tla\u010didiel<\/strong><br \/>\nImport grafiky, pohybliv\u00e9 grafick\u00e9 objekty, obr\u00e1zky vo v\u0161etk\u00fdch form\u00e1toch, v\u00fdstra\u017en\u00e9 hl\u00e1senia, pr\u00edstupov\u00e9 hesl\u00e1, matematick\u00e9 funkcie, simult\u00e1nny chod dvoch ovl\u00e1da\u010dov, s\u00e9riov\u00e1 alebo paraleln\u00e1 tla\u010d, integrovan\u00e1 CAN.<\/p>\n<p>\u010eal\u0161ie detaily a porovnanie grafick\u00fdch termin\u00e1lov: \u00a0<a href=\"http:\/\/www.tempex.sk\/skuska\/wp-content\/uploads\/2011\/09\/gterminaly.pdf\">Grafick\u00e9 termin\u00e1ly<img loading=\"lazy\" decoding=\"async\" class=\"alignnone size-full wp-image-179\" style=\"margin-bottom: 15px;\" title=\"Grafick\u00e9 termin\u00e1ly\" src=\"http:\/\/www.tempex.sk\/skuska\/wp-content\/uploads\/2011\/09\/pdf.jpg\" alt=\"Grafick\u00e9 termin\u00e1ly\" width=\"25\" height=\"25\" \/><\/a>\u00a0\u00a0(280 kB, PDF)<\/p>\n<h2>VT320W<\/h2>\n<p><a href=\"http:\/\/tempex.sk\/skuska\/wp-content\/uploads\/2011\/09\/VT320W_big.gif\"><img loading=\"lazy\" decoding=\"async\" style=\"margin-right: 30px;\" title=\"VT320W\" src=\"http:\/\/tempex.sk\/skuska\/wp-content\/uploads\/2011\/09\/VT320W.gif\" alt=\"ESA terminal VT320W\" width=\"112\" height=\"95\" align=\"left\" \/><\/a><\/p>\n<p><strong>16-farebn\u00fd STN LCD displej 320&#215;240 (5,7 palca)<br \/>\n52 tla\u010didiel<\/strong><br \/>\nImport grafiky, pohybliv\u00e9 grafick\u00e9 objekty, obr\u00e1zky vo v\u0161etk\u00fdch form\u00e1toch, v\u00fdstra\u017en\u00e9 hl\u00e1senia, pr\u00edstupov\u00e9 hesl\u00e1, matematick\u00e9 funkcie, simult\u00e1nny chod dvoch ovl\u00e1da\u010dov, s\u00e9riov\u00e1 alebo paraleln\u00e1 tla\u010d, integrovan\u00e1 CAN.<\/p>\n<p>\u010eal\u0161ie detaily a porovnanie grafick\u00fdch termin\u00e1lov: \u00a0<a href=\"http:\/\/www.tempex.sk\/skuska\/wp-content\/uploads\/2011\/09\/gterminaly.pdf\">Grafick\u00e9 termin\u00e1ly<img loading=\"lazy\" decoding=\"async\" class=\"alignnone size-full wp-image-179\" style=\"margin-bottom: 15px;\" title=\"Grafick\u00e9 termin\u00e1ly\" src=\"http:\/\/www.tempex.sk\/skuska\/wp-content\/uploads\/2011\/09\/pdf.jpg\" alt=\"Grafick\u00e9 termin\u00e1ly\" width=\"25\" height=\"25\" \/><\/a>\u00a0\u00a0(280 kB, PDF)<\/p>\n<h2>VT330W<\/h2>\n<p><a href=\"http:\/\/tempex.sk\/skuska\/wp-content\/uploads\/2011\/09\/VT330W_big.gif\"><img loading=\"lazy\" decoding=\"async\" style=\"margin-right: 30px;\" title=\"VT330W\" src=\"http:\/\/tempex.sk\/skuska\/wp-content\/uploads\/2011\/09\/VT330W.gif\" alt=\"ESA terminal VT330W\" width=\"112\" height=\"95\" align=\"left\" \/><\/a><\/p>\n<p><strong>256-farebn\u00fd TFT LCD displej 640&#215;480 (10,4 palca)<br \/>\n72 tla\u010didiel<\/strong><br \/>\nImport grafiky, pohybliv\u00e9 grafick\u00e9 objekty, obr\u00e1zky vo v\u0161etk\u00fdch form\u00e1toch, v\u00fdstra\u017en\u00e9 hl\u00e1senia, pr\u00edstupov\u00e9 hesl\u00e1, matematick\u00e9 funkcie, simult\u00e1nny chod dvoch ovl\u00e1da\u010dov, s\u00e9riov\u00e1 alebo paraleln\u00e1 tla\u010d, integrovan\u00e1 CAN.<\/p>\n<p>\u010eal\u0161ie detaily a porovnanie grafick\u00fdch termin\u00e1lov: \u00a0<a href=\"http:\/\/www.tempex.sk\/skuska\/wp-content\/uploads\/2011\/09\/gterminaly.pdf\">Grafick\u00e9 termin\u00e1ly<img loading=\"lazy\" decoding=\"async\" class=\"alignnone size-full wp-image-179\" style=\"margin-bottom: 15px;\" title=\"Grafick\u00e9 termin\u00e1ly\" src=\"http:\/\/www.tempex.sk\/skuska\/wp-content\/uploads\/2011\/09\/pdf.jpg\" alt=\"Grafick\u00e9 termin\u00e1ly\" width=\"25\" height=\"25\" \/><\/a>\u00a0\u00a0(280 kB, PDF)<\/p>","protected":false},"excerpt":{"rendered":"<p>VT130W STN LCD displej so 4 odtie\u0148mi modrej 160&#215;80 (3 palce) 25 tla\u010didiel Import grafiky, pohybliv\u00e9 grafick\u00e9 objekty, obr\u00e1zky vo v\u0161etk\u00fdch form\u00e1toch, v\u00fdstra\u017en\u00e9 hl\u00e1senia, pr\u00edstupov\u00e9 hesl\u00e1, matematick\u00e9 funkcie, simult\u00e1nny chod dvoch ovl\u00e1da\u010dov, s\u00e9riov\u00e1 alebo paraleln\u00e1 tla\u010d, integrovan\u00e1 CAN. \u010eal\u0161ie detaily a porovnanie grafick\u00fdch termin\u00e1lov: \u00a0Grafick\u00e9 termin\u00e1ly\u00a0\u00a0(280 kB, PDF) VT300W Monochromatick\u00fd STN LCD displej 240&#215;64 (5,4 [&hellip;]<\/p>\n","protected":false},"author":1,"featured_media":0,"parent":29,"menu_order":0,"comment_status":"open","ping_status":"open","template":"","meta":{"_monsterinsights_skip_tracking":false,"_monsterinsights_sitenote_active":false,"_monsterinsights_sitenote_note":"","_monsterinsights_sitenote_category":0,"footnotes":""},"class_list":["post-120","page","type-page","status-publish","hentry"],"_links":{"self":[{"href":"https:\/\/www.tempex.sk\/cz\/wp-json\/wp\/v2\/pages\/120","targetHints":{"allow":["GET"]}}],"collection":[{"href":"https:\/\/www.tempex.sk\/cz\/wp-json\/wp\/v2\/pages"}],"about":[{"href":"https:\/\/www.tempex.sk\/cz\/wp-json\/wp\/v2\/types\/page"}],"author":[{"embeddable":true,"href":"https:\/\/www.tempex.sk\/cz\/wp-json\/wp\/v2\/users\/1"}],"replies":[{"embeddable":true,"href":"https:\/\/www.tempex.sk\/cz\/wp-json\/wp\/v2\/comments?post=120"}],"version-history":[{"count":22,"href":"https:\/\/www.tempex.sk\/cz\/wp-json\/wp\/v2\/pages\/120\/revisions"}],"predecessor-version":[{"id":809,"href":"https:\/\/www.tempex.sk\/cz\/wp-json\/wp\/v2\/pages\/120\/revisions\/809"}],"up":[{"embeddable":true,"href":"https:\/\/www.tempex.sk\/cz\/wp-json\/wp\/v2\/pages\/29"}],"wp:attachment":[{"href":"https:\/\/www.tempex.sk\/cz\/wp-json\/wp\/v2\/media?parent=120"}],"curies":[{"name":"wp","href":"https:\/\/api.w.org\/{rel}","templated":true}]}}