{"id":106,"date":"2011-09-21T12:38:09","date_gmt":"2011-09-21T12:38:09","guid":{"rendered":"http:\/\/tempex.yomio.eu\/?page_id=106"},"modified":"2014-01-17T12:39:21","modified_gmt":"2014-01-17T10:39:21","slug":"balenie-a-paletizacia","status":"publish","type":"page","link":"https:\/\/www.tempex.sk\/cz\/technologie\/baliace-linky\/balenie-a-paletizacia","title":{"rendered":"Balen\u00ed a paletizace"},"content":{"rendered":"<p><\/p>\n<h3>Od roku 1992 dod\u00e1v\u00e1me \u00a0stroje a kompletn\u00ed balic\u00ed linky, od jednoduch\u00fdch a\u017e po pln\u011b automatizovan\u00e9 syst\u00e9my. M\u00e1me bohat\u00e9 zku\u0161enosti s balen\u00edm mouk, cukru, su\u0161en\u00e9ho ml\u00e9ka, krmiv, osiv, cementu, p\u00edsk\u016f, maltov\u00fdch sm\u011bs\u00ed, r\u016fznych pelet, um\u011bl\u00fdch hnojiv, plastov\u00fdch granul\u00e1t\u016f a dal\u0161\u00edch v\u00fdrobk\u016f. V\u0161echny komponenty linky v\u010detn\u011b paletiz\u00e1tor\u016f, paletiza\u010dn\u00edch robot\u016f a stroj\u016f pro fixaci tovaru na palet\u011b jsou v\u00fdrobky jedin\u00e9ho v\u00fdrobce, firmy Paglierani.<\/h3>\n<h2>BALEN\u00cd DO PAP\u00cdROV\u00ddCH PYTL\u00cdK\u016e<\/h2>\n<p><a href=\"http:\/\/www.tempex.sk\/wp-content\/uploads\/2011\/09\/1kg_balenie.jpg\"><img loading=\"lazy\" decoding=\"async\" alt=\"1kg_balenie\" src=\"http:\/\/www.tempex.sk\/wp-content\/uploads\/2011\/09\/1kg_balenie.jpg\" width=\"286\" height=\"174\" \/><\/a><\/p>\n<p>Kompaktn\u00e9 stroje a linky na balenie do predhotoven\u00fdch vreciek z papiera alebo z papiera s plastovou zlo\u017ekou. Obvykle sa pou\u017e\u00edvaj\u00fa na balenie m\u00fak, cukru a podobn\u00fdch v\u00fdrobkov do 1 kg vreciek. Mo\u017en\u00e9 je ale aj balenie in\u00fdch hmotnost\u00ed:<\/p>\n<ul>\n<li>baliace stroje s r\u00f4znym v\u00fdkonom balenia,<\/li>\n<li>stroje na vytvorenie skupinov\u00e9ho balenia z jednotliv\u00fdch vreciek,<\/li>\n<li>kontroln\u00e1 v\u00e1ha, detektor kovov, ozna\u010dovacie zariadenie,<\/li>\n<li>paletiz\u00e1cia klasick\u00fdm paletiz\u00e1torom alebo paletiza\u010dn\u00fdm robotom, mo\u017en\u00e1 je paletiz\u00e1cia skupinov\u00fdch balen\u00ed, ale aj samostatn\u00fdch vreciek,<\/li>\n<li>fix\u00e1cia tovaru na palete<\/li>\n<\/ul>\n<h2>BALEN\u00cd DO OTEV\u0158EN\u00ddCH PYTL\u016e (pap\u00edr, PE, POP tkanina)<\/h2>\n<p><a href=\"http:\/\/www.tempex.sk\/wp-content\/uploads\/2011\/09\/otvorene_vrecia.jpg\"><img loading=\"lazy\" decoding=\"async\" alt=\"otvorene_vrecia\" src=\"http:\/\/www.tempex.sk\/wp-content\/uploads\/2011\/09\/otvorene_vrecia.jpg\" width=\"407\" height=\"173\" \/><\/a><\/p>\n<p>Kompaktn\u00e9 stroje a linky na balenie do predhotoven\u00fdch otvoren\u00fdch vriec z papiera, polyetyl\u00e9nu, polypropyl\u00e9novej tkaniny a in\u00fdch materi\u00e1lov:<\/p>\n<ul>\n<li>kompaktn\u00e9 vrecovacie stroje so zabudovanou v\u00e1hou,<\/li>\n<li>vrecovacie zostavy: d\u00e1vkovacia v\u00e1ha \u00a0+ nasadzovanie a uzatv\u00e1ranie vriec,<\/li>\n<li>kompaktn\u00e9 plnoautomatick\u00e9 vrecovacie stroje: nasadzovanie vriec, d\u00e1vkovanie, plnenie, uzatv\u00e1ranie vriec, paletiz\u00e1cia,<\/li>\n<li>rie\u0161enia na mieru vr\u00e1tane ozna\u010dovania, kontrolnej v\u00e1hy, detektoru kovov a \u010fal\u0161\u00edch doplnkov.<\/li>\n<\/ul>\n<h2><\/h2>\n<h2>BALEN\u00cd DO PYTL\u016e S VENTILEM (pap\u00edr, PE, POP tkanina)<\/h2>\n<p><a href=\"http:\/\/www.tempex.sk\/wp-content\/uploads\/2011\/09\/Vrecia_ventil.jpg\"><img loading=\"lazy\" decoding=\"async\" alt=\"Vrecia_ventil\" src=\"http:\/\/www.tempex.sk\/wp-content\/uploads\/2011\/09\/Vrecia_ventil.jpg\" width=\"287\" height=\"178\" \/><\/a><\/p>\n<p>Kompaktn\u00e9 stroje a linky na balenie do vriec s plniacim ventilom, r\u00f4zne typy plni\u010diek v z\u00e1vislosti od druhu produktu ktor\u00fd sa bude bali\u0165:<\/p>\n<ul>\n<li>kompaktn\u00e9 vrecovacie stroje so zabudovanou v\u00e1hou,<\/li>\n<li>vrecovacie zostavy: extern\u00e9 d\u00e1vkovanie + plnenie vriec,<\/li>\n<li>kompaktn\u00e9 automatick\u00e9 vrecovacie stroje: nasadzovanie vriec, d\u00e1vkovanie, plnenie, uzatv\u00e1ranie ventilov,<\/li>\n<li>\u0161peci\u00e1lne rie\u0161enia.<\/li>\n<\/ul>\n<h2><\/h2>\n<h2>BALEN\u00cd DO PYTL\u016e TVO\u0158EN\u00ddCH STROJEM Z \u00a0PLOCH\u00c9 FOLIE NEBO FOLIOV\u00c9HO RUK\u00c1VU<\/h2>\n<p><a href=\"http:\/\/www.tempex.sk\/wp-content\/uploads\/2011\/09\/balenie_do_folie.jpg\"><img loading=\"lazy\" decoding=\"async\" alt=\"balenie_do_folie\" src=\"http:\/\/www.tempex.sk\/wp-content\/uploads\/2011\/09\/balenie_do_folie.jpg\" width=\"295\" height=\"137\" \/><\/a><\/p>\n<p>V na\u0161ej ponuke s\u00fa stroje a kompletn\u00e9 linky na balenie do vriec vytv\u00e1ran\u00fdch priamo strojom \u00a0z plochej f\u00f3lie alebo f\u00f3liov\u00e9ho ruk\u00e1va. Stroj vrece vytvor\u00ed a z\u00e1rove\u0148 ho plnia vopred nad\u00e1vkovan\u00fdm v\u00fdrobkom. V\u00fdhodou t\u00fdchto strojov s\u00fa najm\u00e4:<\/p>\n<ul>\n<li>kompaktn\u00e1 kon\u0161trukcia,<\/li>\n<li>vysok\u00fd v\u00fdkon,<\/li>\n<li>preh\u013eadn\u00e1 kon\u0161trukcia a jednoduch\u00e1 \u00fadr\u017eba,<\/li>\n<li>ni\u017e\u0161ie n\u00e1klady na obal,<\/li>\n<li>jednoducho zaradite\u013en\u00e9 do automatickej linky s \u010fal\u0161\u00edmi komponentami (ozna\u010dovanie, kontroln\u00e1 v\u00e1ha, detektor kovov, paletiz\u00e1tor alebo paletiza\u010dn\u00fd robot, fix\u00e1cia tovaru na palete.<\/li>\n<\/ul>\n<h2>BALEN\u00cd DO BIG BAG\u016e<\/h2>\n<p><a href=\"http:\/\/www.tempex.sk\/wp-content\/uploads\/2011\/09\/vaky.jpg\"><img loading=\"lazy\" decoding=\"async\" alt=\"vaky\" src=\"http:\/\/www.tempex.sk\/wp-content\/uploads\/2011\/09\/vaky.jpg\" width=\"289\" height=\"74\" \/><\/a><\/p>\n<p>Pon\u00fakame stroje na plnenia vakov. Dod\u00e1vame ich s r\u00f4znym sp\u00f4sobom plnenia a r\u00f4znymi doplnkami &#8211; napr\u00edklad naf\u00faknutie vaku pred za\u010dat\u00edm plnenia alebo striasanie po\u010das plnenia pre zhutnenie v\u00fdrobku vo vaku. Stroje na plnenie vakov vyr\u00e1bame v pr\u00edpae \u0161pecifick\u00fdch po\u017eiadaviek aj na mieru.<\/p>\n<h2>PALETIZACE A FIXACE TOVARU NA PALET\u011a<\/h2>\n<p><a href=\"http:\/\/www.tempex.sk\/wp-content\/uploads\/2011\/09\/paletizacia.jpg\"><img loading=\"lazy\" decoding=\"async\" alt=\"paletizacia\" src=\"http:\/\/www.tempex.sk\/wp-content\/uploads\/2011\/09\/paletizacia.jpg\" width=\"316\" height=\"74\" \/><\/a><\/p>\n<p align=\"justify\">Na ukladanie tovaru na palete pon\u00fakame klasick\u00e9 paletiz\u00e1tory r\u00f4znych typov alebo paletiza\u010dn\u00e9 roboty. Pod\u013ea potreby je rie\u0161en\u00e9 aj ukladanie kart\u00f3nu na spodok palety, pr\u00edpadne ulo\u017eenie a upevnenie f\u00f3lie namiesto kart\u00f3nu, vkladanie papiera medzi vrstvy na palete a na vrch palety. Obidva typy zariaden\u00ed s\u00fa v\u00fdrobkami firmy Paglierani, rovnako ako stroje pou\u017e\u00edvan\u00e9 na fix\u00e1ciu tovaru na palete. Fix\u00e1cia tovaru na palete m\u00f4\u017ee by\u0165 rie\u0161en\u00e1 ovinut\u00edm f\u00f3liou, stretch-hood f\u00f3liou alebo f\u00f3liou zrmr\u0161\u0165uj\u00facou sa teplom. Dopravu paliet zais\u0165uje v\u017edy na mieru dodan\u00fd dopravn\u00edkov\u00fd syst\u00e9m pod\u013ea podmienok v mieste in\u0161tal\u00e1cie. Obsluha zaklad\u00e1 pr\u00e1zdne palety a odober\u00e1 zabalen\u00e9 palety vysokozdvi\u017en\u00fdm voz\u00edkom.<\/p>\n<h2>DOPL\u0147KY<\/h2>\n<p><a href=\"http:\/\/www.tempex.sk\/wp-content\/uploads\/2011\/09\/dalsie_zariadenia.jpg\"><img loading=\"lazy\" decoding=\"async\" alt=\"dalsie_zariadenia\" src=\"http:\/\/www.tempex.sk\/wp-content\/uploads\/2011\/09\/dalsie_zariadenia.jpg\" width=\"311\" height=\"92\" \/><\/a><\/p>\n<p align=\"justify\">Pod\u013ea po\u017eiadavky s\u00fa baliace linky doplnen\u00e9 o \u010fal\u0161ie zariadenia, napr\u00edklad<\/p>\n<ul>\n<li>uzatv\u00e1racie zariadenia (\u0161it\u00edm,lepen\u00edm, zataven\u00edm, zvaren\u00edm ultrazvukom)<\/li>\n<li>kontroln\u00e9 v\u00e1hy s mo\u017enos\u0165ou nastavenia limitov pre vyradenie nezhodn\u00fdch v\u00fdrobkov,<\/li>\n<li>detektory kovov s mo\u017enos\u0165ou nastavenia citlivosti,<\/li>\n<li>zariadenia ozna\u010duj\u00face obal n\u00e1strekom alebo etiketou,<\/li>\n<li>dopravn\u00edkov\u00e9 syst\u00e9my pevn\u00e9 aj mobiln\u00e9<\/li>\n<li>a mnoho in\u00fdch.<\/li>\n<\/ul>\n<h2>SLU\u017dBY<\/h2>\n<p align=\"justify\"><a href=\"http:\/\/www.tempex.sk\/wp-content\/uploads\/2011\/09\/paglierani-a-cimbria-logo-spolu.jpg\"><img loading=\"lazy\" decoding=\"async\" alt=\"paglierani a cimbria logo spolu\" src=\"http:\/\/www.tempex.sk\/wp-content\/uploads\/2011\/09\/paglierani-a-cimbria-logo-spolu.jpg\" width=\"177\" height=\"60\" \/><\/a><\/p>\n<p align=\"justify\">TEMPEX s.r.o. je v\u00fdhradn\u00edm z\u00e1stupcem Paglierani s.r.l. a Cimbria Bulk Equipment A\/S pro \u010ceskou republiku a Slovensko. V r\u00e1mci slu\u017eeb V\u00e1m nab\u00edz\u00edme:<\/p>\n<ul>\n<li>ve\u0161ker\u00e9 konzultace a podklady pro p\u0159\u00edpravu instalac\u00ed zdarma,<\/li>\n<li>mont\u00e1\u017e anebo \u0161\u00e9fmont\u00e1\u017e v\u0161ech za\u0159\u00edzen\u00ed t\u011bchto v\u00fdrobc\u016f,<\/li>\n<li>dod\u00e1vky n\u00e1hradn\u00edch d\u00edl\u016f (garance originality a cen v\u00fdrobce)<\/li>\n<li>\u010dasov\u011b dostupn\u00fd z\u00e1ru\u010dn\u00ed servis pracovn\u00edky s dlouholet\u00fdmi zku\u0161enostmi,<\/li>\n<li>\u010dasov\u011b a cenov\u011b dostupn\u00fd poz\u00e1ru\u010dn\u00ed servis pracovn\u00edky s dlouholet\u00fdmi zku\u0161enostmi,<\/li>\n<li>j\u00e1kekoliv konzultace t\u00fdkaj\u00edc\u00ed se v\u00fdrobk\u016f Paglierani nebo Cimbria Bulk Equipment.<\/li>\n<\/ul>\n<p><\/p>","protected":false},"excerpt":{"rendered":"<p>Od roku 1992 dod\u00e1v\u00e1me \u00a0stroje a kompletn\u00ed balic\u00ed linky, od jednoduch\u00fdch a\u017e po pln\u011b automatizovan\u00e9 syst\u00e9my. M\u00e1me bohat\u00e9 zku\u0161enosti s balen\u00edm mouk, cukru, su\u0161en\u00e9ho ml\u00e9ka, krmiv, osiv, cementu, p\u00edsk\u016f, maltov\u00fdch sm\u011bs\u00ed, r\u016fznych pelet, um\u011bl\u00fdch hnojiv, plastov\u00fdch granul\u00e1t\u016f a dal\u0161\u00edch v\u00fdrobk\u016f. V\u0161echny komponenty linky v\u010detn\u011b paletiz\u00e1tor\u016f, paletiza\u010dn\u00edch robot\u016f a stroj\u016f pro fixaci tovaru na palet\u011b jsou [&hellip;]<\/p>\n","protected":false},"author":1,"featured_media":0,"parent":49,"menu_order":0,"comment_status":"open","ping_status":"open","template":"","meta":{"_monsterinsights_skip_tracking":false,"_monsterinsights_sitenote_active":false,"_monsterinsights_sitenote_note":"","_monsterinsights_sitenote_category":0,"footnotes":""},"class_list":["post-106","page","type-page","status-publish","hentry"],"_links":{"self":[{"href":"https:\/\/www.tempex.sk\/cz\/wp-json\/wp\/v2\/pages\/106","targetHints":{"allow":["GET"]}}],"collection":[{"href":"https:\/\/www.tempex.sk\/cz\/wp-json\/wp\/v2\/pages"}],"about":[{"href":"https:\/\/www.tempex.sk\/cz\/wp-json\/wp\/v2\/types\/page"}],"author":[{"embeddable":true,"href":"https:\/\/www.tempex.sk\/cz\/wp-json\/wp\/v2\/users\/1"}],"replies":[{"embeddable":true,"href":"https:\/\/www.tempex.sk\/cz\/wp-json\/wp\/v2\/comments?post=106"}],"version-history":[{"count":74,"href":"https:\/\/www.tempex.sk\/cz\/wp-json\/wp\/v2\/pages\/106\/revisions"}],"predecessor-version":[{"id":1877,"href":"https:\/\/www.tempex.sk\/cz\/wp-json\/wp\/v2\/pages\/106\/revisions\/1877"}],"up":[{"embeddable":true,"href":"https:\/\/www.tempex.sk\/cz\/wp-json\/wp\/v2\/pages\/49"}],"wp:attachment":[{"href":"https:\/\/www.tempex.sk\/cz\/wp-json\/wp\/v2\/media?parent=106"}],"curies":[{"name":"wp","href":"https:\/\/api.w.org\/{rel}","templated":true}]}}